{"id":1341,"date":"2023-01-31T15:16:50","date_gmt":"2023-01-31T15:16:50","guid":{"rendered":"https:\/\/centroibon.es\/seconday-site\/?page_id=1341"},"modified":"2025-10-15T19:51:33","modified_gmt":"2025-10-15T17:51:33","slug":"transparencia","status":"publish","type":"page","link":"https:\/\/centroibon.es\/index.php\/transparencia\/","title":{"rendered":"Calidad y Transparencia"},"content":{"rendered":"\t\t<div data-elementor-type=\"wp-page\" data-elementor-id=\"1341\" class=\"elementor elementor-1341\" data-elementor-post-type=\"page\">\n\t\t\t\t<div class=\"elementor-element elementor-element-77db272 e-flex e-con-boxed e-con e-parent\" data-id=\"77db272\" data-element_type=\"container\">\n\t\t\t\t\t<div class=\"e-con-inner\">\n\t\t\t\t<div class=\"elementor-element elementor-element-4887d38 elementor-widget elementor-widget-text-editor\" data-id=\"4887d38\" data-element_type=\"widget\" data-widget_type=\"text-editor.default\">\n\t\t\t\t<div class=\"elementor-widget-container\">\n\t\t\t\t\t\t\t\t\t<p>Centro Ib\u00f3n tiene la transparencia como uno de sus pilares. En estos momentos se est\u00e1 trabajando en la mejora y actualizaci\u00f3n de los Estatutos.<\/p>\t\t\t\t\t\t\t\t<\/div>\n\t\t\t\t<\/div>\n\t\t\t\t<div class=\"elementor-element elementor-element-d00679d elementor-widget-divider--view-line elementor-widget elementor-widget-divider\" data-id=\"d00679d\" data-element_type=\"widget\" data-widget_type=\"divider.default\">\n\t\t\t\t<div class=\"elementor-widget-container\">\n\t\t\t\t\t\t\t<div class=\"elementor-divider\">\n\t\t\t<span class=\"elementor-divider-separator\">\n\t\t\t\t\t\t<\/span>\n\t\t<\/div>\n\t\t\t\t\t\t<\/div>\n\t\t\t\t<\/div>\n\t\t\t\t<div class=\"elementor-element elementor-element-a6cad27 elementor-widget elementor-widget-text-editor\" data-id=\"a6cad27\" data-element_type=\"widget\" data-widget_type=\"text-editor.default\">\n\t\t\t\t<div class=\"elementor-widget-container\">\n\t\t\t\t\t\t\t\t\t<p>Entretanto se realiza la adherencia del Centro Ib\u00f3n a los contenidos en los siguientes documentos:<\/p>\n<p><!-- \/wp:paragraph --><!-- wp:list --><\/p>\n<ul><!-- wp:list-item -->\n<li><strong>Secci\u00f3n de \u00abCalidad\u00bb<\/strong> (<a title=\"Calidad\" href=\"https:\/\/centroibon.es\/?page_id=518\">acceder aqu\u00ed<\/a>)<\/li>\n<!-- \/wp:list-item --><!-- wp:list-item -->\n<li><strong>Estatutos en Registro<\/strong> (descargar PDF)<\/li>\n<!-- \/wp:list-item --><!-- wp:list-item -->\n<li><strong>C\u00f3digo \u00e9tico UNAD<\/strong> (<a title=\"UNAD c\u00f3digo \u00e9tico\" href=\"https:\/\/centroibon.es\/wp-content\/uploads\/2023\/02\/folleto-codigo-etico.pdf\">descargar PDF<\/a>)<\/li>\n<!-- \/wp:list-item --><!-- wp:list-item -->\n<li><strong>C\u00f3digo \u00e9tico Acci\u00f3n Social <\/strong>(<a title=\"Recomendaciones \u00e9ticas del sector de Acci\u00f3n Social\" href=\"https:\/\/centroibon.es\/wp-content\/uploads\/2023\/02\/recomendaciones-eticas-tsas.pdf\">descargar PDF<\/a>)<\/li>\n<!-- \/wp:list-item --><!-- wp:list-item -->\n<li><strong>Convenio Colectivo de Acci\u00f3n e Intervenci\u00f3n Social 2022 &#8211; 2024<\/strong> (<a title=\"descargar PDF\" href=\"https:\/\/centroibon.es\/wp-content\/uploads\/2023\/02\/CONVENIO-COLECTIVO-DE-ACCION-E-INTERVENCION-SOCIAL-2022-2024.pdf\">descargar PDF<\/a>)<\/li>\n<li><strong>Gu\u00eda de recursos d\u00f3nde se encuentra y colabora ib\u00f3n <\/strong>(<a title=\"descargar PDF\" href=\"https:\/\/centroibon.es\/wp-content\/uploads\/2024\/01\/GUIA-DE-RECURSOS-DE-IBON.pdf\">descargar PDF<\/a>)<\/li>\n<\/ul>\t\t\t\t\t\t\t\t<\/div>\n\t\t\t\t<\/div>\n\t\t\t\t<div class=\"elementor-element elementor-element-d532974 elementor-widget elementor-widget-spacer\" data-id=\"d532974\" data-element_type=\"widget\" data-widget_type=\"spacer.default\">\n\t\t\t\t<div class=\"elementor-widget-container\">\n\t\t\t\t\t\t\t<div class=\"elementor-spacer\">\n\t\t\t<div class=\"elementor-spacer-inner\"><\/div>\n\t\t<\/div>\n\t\t\t\t\t\t<\/div>\n\t\t\t\t<\/div>\n\t\t\t\t\t<\/div>\n\t\t\t\t<\/div>\n\t\t\t\t<\/div>\n\t\t","protected":false},"excerpt":{"rendered":"<p>Centro Ib\u00f3n tiene la transparencia como uno de sus pilares. En estos momentos se est\u00e1 trabajando en la mejora y actualizaci\u00f3n de los Estatutos. Entretanto se realiza la adherencia del Centro Ib\u00f3n<a class=\"moretag\" href=\"https:\/\/centroibon.es\/index.php\/transparencia\/\">Leer m\u00e1s&#8230;<\/a><\/p>\n","protected":false},"author":1,"featured_media":1814,"parent":0,"menu_order":0,"comment_status":"closed","ping_status":"closed","template":"","meta":{"_monsterinsights_skip_tracking":false,"_monsterinsights_sitenote_active":false,"_monsterinsights_sitenote_note":"","_monsterinsights_sitenote_category":0,"footnotes":""},"class_list":["post-1341","page","type-page","status-publish","has-post-thumbnail","hentry"],"aioseo_notices":[],"_links":{"self":[{"href":"https:\/\/centroibon.es\/index.php\/wp-json\/wp\/v2\/pages\/1341","targetHints":{"allow":["GET"]}}],"collection":[{"href":"https:\/\/centroibon.es\/index.php\/wp-json\/wp\/v2\/pages"}],"about":[{"href":"https:\/\/centroibon.es\/index.php\/wp-json\/wp\/v2\/types\/page"}],"author":[{"embeddable":true,"href":"https:\/\/centroibon.es\/index.php\/wp-json\/wp\/v2\/users\/1"}],"replies":[{"embeddable":true,"href":"https:\/\/centroibon.es\/index.php\/wp-json\/wp\/v2\/comments?post=1341"}],"version-history":[{"count":33,"href":"https:\/\/centroibon.es\/index.php\/wp-json\/wp\/v2\/pages\/1341\/revisions"}],"predecessor-version":[{"id":2511,"href":"https:\/\/centroibon.es\/index.php\/wp-json\/wp\/v2\/pages\/1341\/revisions\/2511"}],"wp:featuredmedia":[{"embeddable":true,"href":"https:\/\/centroibon.es\/index.php\/wp-json\/wp\/v2\/media\/1814"}],"wp:attachment":[{"href":"https:\/\/centroibon.es\/index.php\/wp-json\/wp\/v2\/media?parent=1341"}],"curies":[{"name":"wp","href":"https:\/\/api.w.org\/{rel}","templated":true}]}}