{"id":15,"date":"2015-09-07T13:41:14","date_gmt":"2015-09-07T13:41:14","guid":{"rendered":"http:\/\/localhost\/ibon\/?page_id=15"},"modified":"2025-10-12T11:55:23","modified_gmt":"2025-10-12T09:55:23","slug":"contacto","status":"publish","type":"page","link":"https:\/\/centroibon.es\/index.php\/contacto\/","title":{"rendered":"Contacto"},"content":{"rendered":"\t\t<div data-elementor-type=\"wp-page\" data-elementor-id=\"15\" class=\"elementor elementor-15\" data-elementor-post-type=\"page\">\n\t\t\t\t<div class=\"elementor-element elementor-element-1320105e e-flex e-con-boxed e-con e-parent\" data-id=\"1320105e\" data-element_type=\"container\">\n\t\t\t\t\t<div class=\"e-con-inner\">\n\t\t\t\t<div class=\"elementor-element elementor-element-1d12b4dc elementor-widget elementor-widget-text-editor\" data-id=\"1d12b4dc\" data-element_type=\"widget\" data-widget_type=\"text-editor.default\">\n\t\t\t\t<div class=\"elementor-widget-container\">\n\t\t\t\t\t\t\t\t\t\n<p><strong>CONTACTO<\/strong>:<\/p>\n\n<p><strong>SEDE EN SABI\u00d1\u00c1NIGO<br \/><\/strong>Calle Arag\u00f3n n \u00ba 16, bajo<br \/><br \/><\/p>\n<p><strong>SEDE EN HUESCA<br \/><\/strong>Plaza Concepci\u00f3n Arenal n \u00ba 1, 3\u00ba B \u00a0<\/p>\n<p><strong><br \/>SEDE EN ZARAGOZA<br \/><\/strong>Calle Johan Sebasti\u00e1n Bach, esquina calle Enrique Granados s\/n (espacio montecanal) despacho 8.<\/p>\n<p><\/p>\n<p><strong><br \/>CITA PREVIA Y\/O CONTACTO DE INFORMACI\u00d3N<\/strong>:<\/p>\n<p><\/p>\n<p>(+34) 692 62 16 85<br \/>(+34) 665 61 40 77<br \/><br \/>PUNTO DE INFORMACI\u00d3N EN LAS SEDES PREVIA PETICI\u00d3N DE HORA\u00a0<br \/>\u00a0<\/p>\n<p><\/p>\n<hr class=\"wp-block-separator has-alpha-channel-opacity\" \/>\n<p><\/p>\n<p><strong><br \/>E-mail:<\/strong><\/p>\n<p><\/p>\n<p><a href=\"mailto:gerencia@centroibon.es\">gerencia@centroibon.es<\/a><br \/><br \/><\/p>\n<p><\/p>\n<hr class=\"wp-block-separator has-alpha-channel-opacity\" \/>\n<p><\/p>\n<p><strong><br \/><br \/>FORMULARIO DE CONTACTO:<\/strong><\/p>\t\t\t\t\t\t\t\t<\/div>\n\t\t\t\t<\/div>\n\t\t\t\t\t<\/div>\n\t\t\t\t<\/div>\n\t\t<div class=\"elementor-element elementor-element-dae4028 e-flex e-con-boxed e-con e-parent\" data-id=\"dae4028\" data-element_type=\"container\">\n\t\t\t\t\t<div class=\"e-con-inner\">\n\t\t<div class=\"elementor-element elementor-element-a7af3b5 e-con-full e-flex e-con e-child\" data-id=\"a7af3b5\" data-element_type=\"container\">\n\t\t\t\t<div class=\"elementor-element elementor-element-5f8806c elementor-widget elementor-widget-shortcode\" data-id=\"5f8806c\" data-element_type=\"widget\" data-widget_type=\"shortcode.default\">\n\t\t\t\t<div class=\"elementor-widget-container\">\n\t\t\t\t\t\t\t<div class=\"elementor-shortcode\">\n<div class=\"wpcf7 no-js\" id=\"wpcf7-f74-o1\" lang=\"es-ES\" dir=\"ltr\" data-wpcf7-id=\"74\">\n<div class=\"screen-reader-response\"><p role=\"status\" aria-live=\"polite\" aria-atomic=\"true\"><\/p> <ul><\/ul><\/div>\n<form action=\"\/index.php\/wp-json\/wp\/v2\/pages\/15#wpcf7-f74-o1\" method=\"post\" class=\"wpcf7-form init\" aria-label=\"Formulario de contacto\" novalidate=\"novalidate\" data-status=\"init\">\n<fieldset class=\"hidden-fields-container\"><input type=\"hidden\" name=\"_wpcf7\" value=\"74\" \/><input type=\"hidden\" name=\"_wpcf7_version\" value=\"6.1.2\" \/><input type=\"hidden\" name=\"_wpcf7_locale\" value=\"es_ES\" \/><input type=\"hidden\" name=\"_wpcf7_unit_tag\" value=\"wpcf7-f74-o1\" \/><input type=\"hidden\" name=\"_wpcf7_container_post\" value=\"0\" \/><input type=\"hidden\" name=\"_wpcf7_posted_data_hash\" value=\"\" \/>\n<\/fieldset>\n<p>Nombre (requerido)\n<\/p>\n<p><span class=\"wpcf7-form-control-wrap\" data-name=\"your-name\"><input size=\"40\" maxlength=\"400\" class=\"wpcf7-form-control wpcf7-text wpcf7-validates-as-required\" aria-required=\"true\" aria-invalid=\"false\" value=\"\" type=\"text\" name=\"your-name\" \/><\/span>\n<\/p>\n<p>Correo electr\u00f3nico (requerido)\n<\/p>\n<p><span class=\"wpcf7-form-control-wrap\" data-name=\"your-email\"><input size=\"40\" maxlength=\"400\" class=\"wpcf7-form-control wpcf7-email wpcf7-validates-as-required wpcf7-text wpcf7-validates-as-email\" aria-required=\"true\" aria-invalid=\"false\" value=\"\" type=\"email\" name=\"your-email\" \/><\/span>\n<\/p>\n<p>Tel\u00e9fono\n<\/p>\n<p><span class=\"wpcf7-form-control-wrap\" data-name=\"telfono\"><input size=\"40\" maxlength=\"400\" class=\"wpcf7-form-control wpcf7-tel wpcf7-text wpcf7-validates-as-tel\" aria-invalid=\"false\" value=\"\" type=\"tel\" name=\"telfono\" \/><\/span>\n<\/p>\n<p>Asunto\n<\/p>\n<p><span class=\"wpcf7-form-control-wrap\" data-name=\"your-subject\"><input size=\"40\" maxlength=\"400\" class=\"wpcf7-form-control wpcf7-text\" aria-invalid=\"false\" value=\"\" type=\"text\" name=\"your-subject\" \/><\/span>\n<\/p>\n<p>Mensaje (requerido)\n<\/p>\n<p><span class=\"wpcf7-form-control-wrap\" data-name=\"your-message\"><textarea cols=\"40\" rows=\"10\" maxlength=\"2000\" class=\"wpcf7-form-control wpcf7-textarea wpcf7-validates-as-required\" aria-required=\"true\" aria-invalid=\"false\" name=\"your-message\"><\/textarea><\/span>\n<\/p>\n<p><span class=\"wpcf7-form-control-wrap\" data-name=\"acceptance-94\"><span class=\"wpcf7-form-control wpcf7-acceptance\"><span class=\"wpcf7-list-item\"><input type=\"checkbox\" name=\"acceptance-94\" value=\"1\" aria-invalid=\"false\" \/><\/span><\/span><\/span> ACEPTO CONDICIONES LEGALES: Al enviar este formulario y conforme a lo dispuesto en el art\u00edculo 5 de la Ley Org\u00e1nica de Protecci\u00f3n de Datos 15\/1999, de 13 de diciembre, y adaptado a la nueva Ley de Protecci\u00f3n de Datos del 25 de mayo de 2018, se le informa que los datos consignados en el presente formulario ser\u00e1n incorporados a un fichero propiedad de Centro Ib\u00f3n cuya finalidad es la gesti\u00f3n de contactos. Podr\u00e1 ejercer los derechos de acceso, rectificaci\u00f3n, cancelaci\u00f3n y oposici\u00f3n respecto a los datos proporcionados, en los t\u00e9rminos previstos en la referida Ley Org\u00e1nica dirigi\u00e9ndose a Centro Ib\u00f3n a trav\u00e9s de nuestro correo electr\u00f3nico ibon_drog@hotmail.com\n<\/p>\n<p><input class=\"wpcf7-form-control wpcf7-submit has-spinner\" type=\"submit\" value=\"Enviar\" \/>\n<\/p><div class=\"wpcf7-response-output\" aria-hidden=\"true\"><\/div>\n<\/form>\n<\/div>\n<\/div>\n\t\t\t\t\t\t<\/div>\n\t\t\t\t<\/div>\n\t\t\t\t<div class=\"elementor-element elementor-element-5664386 elementor-widget elementor-widget-html\" data-id=\"5664386\" data-element_type=\"widget\" data-widget_type=\"html.default\">\n\t\t\t\t<div class=\"elementor-widget-container\">\n\t\t\t\t\t<style>\np {\n    margin: 0 0 0px;\n}\n<\/style>\t\t\t\t<\/div>\n\t\t\t\t<\/div>\n\t\t\t\t<\/div>\n\t\t<div class=\"elementor-element elementor-element-3334ea9 e-con-full e-flex e-con e-child\" data-id=\"3334ea9\" data-element_type=\"container\">\n\t\t\t\t<\/div>\n\t\t\t\t\t<\/div>\n\t\t\t\t<\/div>\n\t\t\t\t<\/div>\n\t\t","protected":false},"excerpt":{"rendered":"<p>CONTACTO: SEDE EN SABI\u00d1\u00c1NIGOCalle Arag\u00f3n n \u00ba 16, bajo SEDE EN HUESCAPlaza Concepci\u00f3n Arenal n \u00ba 1, 3\u00ba B \u00a0 SEDE EN ZARAGOZACalle Johan Sebasti\u00e1n Bach, esquina calle Enrique Granados s\/n (espacio<a class=\"moretag\" href=\"https:\/\/centroibon.es\/index.php\/contacto\/\">Leer m\u00e1s&#8230;<\/a><\/p>\n","protected":false},"author":1,"featured_media":1396,"parent":0,"menu_order":0,"comment_status":"closed","ping_status":"closed","template":"","meta":{"_monsterinsights_skip_tracking":false,"_monsterinsights_sitenote_active":false,"_monsterinsights_sitenote_note":"","_monsterinsights_sitenote_category":0,"footnotes":""},"class_list":["post-15","page","type-page","status-publish","has-post-thumbnail","hentry"],"aioseo_notices":[],"_links":{"self":[{"href":"https:\/\/centroibon.es\/index.php\/wp-json\/wp\/v2\/pages\/15","targetHints":{"allow":["GET"]}}],"collection":[{"href":"https:\/\/centroibon.es\/index.php\/wp-json\/wp\/v2\/pages"}],"about":[{"href":"https:\/\/centroibon.es\/index.php\/wp-json\/wp\/v2\/types\/page"}],"author":[{"embeddable":true,"href":"https:\/\/centroibon.es\/index.php\/wp-json\/wp\/v2\/users\/1"}],"replies":[{"embeddable":true,"href":"https:\/\/centroibon.es\/index.php\/wp-json\/wp\/v2\/comments?post=15"}],"version-history":[{"count":66,"href":"https:\/\/centroibon.es\/index.php\/wp-json\/wp\/v2\/pages\/15\/revisions"}],"predecessor-version":[{"id":2478,"href":"https:\/\/centroibon.es\/index.php\/wp-json\/wp\/v2\/pages\/15\/revisions\/2478"}],"wp:featuredmedia":[{"embeddable":true,"href":"https:\/\/centroibon.es\/index.php\/wp-json\/wp\/v2\/media\/1396"}],"wp:attachment":[{"href":"https:\/\/centroibon.es\/index.php\/wp-json\/wp\/v2\/media?parent=15"}],"curies":[{"name":"wp","href":"https:\/\/api.w.org\/{rel}","templated":true}]}}