{"id":1503,"date":"2023-02-16T16:53:52","date_gmt":"2023-02-16T16:53:52","guid":{"rendered":"https:\/\/centroibon.es\/seconday-site\/?page_id=1503"},"modified":"2025-10-15T08:12:12","modified_gmt":"2025-10-15T06:12:12","slug":"actividades-2","status":"publish","type":"page","link":"https:\/\/centroibon.es\/index.php\/actividades-2\/","title":{"rendered":"Actividades del Centro Ib\u00f3n"},"content":{"rendered":"\t\t<div data-elementor-type=\"wp-page\" data-elementor-id=\"1503\" class=\"elementor elementor-1503\" data-elementor-post-type=\"page\">\n\t\t\t\t<div class=\"elementor-element elementor-element-d7452b6 e-flex e-con-boxed e-con e-parent\" data-id=\"d7452b6\" data-element_type=\"container\">\n\t\t\t\t\t<div class=\"e-con-inner\">\n\t\t\t\t<div class=\"elementor-element elementor-element-a6fc93a elementor-widget elementor-widget-heading\" data-id=\"a6fc93a\" data-element_type=\"widget\" data-widget_type=\"heading.default\">\n\t\t\t\t<div class=\"elementor-widget-container\">\n\t\t\t\t\t<h2 class=\"elementor-heading-title elementor-size-default\">Memorias Centro de Adicciones<\/h2>\t\t\t\t<\/div>\n\t\t\t\t<\/div>\n\t\t\t\t\t<\/div>\n\t\t\t\t<\/div>\n\t\t<div class=\"elementor-element elementor-element-48efde41 e-flex e-con-boxed e-con e-parent\" data-id=\"48efde41\" data-element_type=\"container\">\n\t\t\t\t\t<div class=\"e-con-inner\">\n\t\t\t\t<div class=\"elementor-element elementor-element-7ad3c648 elementor-widget elementor-widget-text-editor\" data-id=\"7ad3c648\" data-element_type=\"widget\" data-widget_type=\"text-editor.default\">\n\t\t\t\t<div class=\"elementor-widget-container\">\n\t\t\t\t\t\t\t\t\t<div class=\"wp-block-buttons\">\n<div class=\"wp-block-button aligncenter has-custom-width wp-block-button__width-75\"><a class=\"wp-block-button__link has-white-color has-text-color has-background wp-element-button\" style=\"background-color: #e55d00;\" href=\"https:\/\/centroibon.es\/wp-content\/uploads\/2025\/10\/MEMORIA-2024-FINAL.pdf\" target=\"_blank\" rel=\"noreferrer noopener\">Memoria 2024 (ver PDF)<\/a><\/div>\n<p><!-- \/wp:button --><\/p>\n<\/div>\n<p><!-- \/wp:buttons --><\/p>\n<p><!-- wp:spacer {\"height\":\"25px\"} --><\/p>\n<div class=\"wp-block-spacer\" style=\"height: 25px;\" aria-hidden=\"true\">\u00a0<\/div>\n<p><!-- \/wp:spacer --><\/p>\n<p><!-- wp:buttons --><\/p>\n<div class=\"wp-block-buttons\">\n<p><!-- wp:button {\"textColor\":\"white\",\"width\":75,\"align\":\"center\",\"style\":{\"color\":{\"background\":\"#e55d00\"}}} --><\/p>\n\n<div class=\"wp-block-buttons\">\n<div class=\"wp-block-button aligncenter has-custom-width wp-block-button__width-75\"><a class=\"wp-block-button__link has-white-color has-text-color has-background wp-element-button\" style=\"background-color: #e55d00;\" href=\"https:\/\/centroibon.es\/wp-content\/uploads\/2024\/01\/MEMORIA-IBON-2023-PDF.pdf\" target=\"_blank\" rel=\"noreferrer noopener\">Memoria 2023 (ver PDF)<\/a><\/div>\n<p><!-- \/wp:button --><\/p>\n<\/div>\n<p><!-- \/wp:buttons --><\/p>\n<p><!-- wp:spacer {\"height\":\"25px\"} --><\/p>\n<div class=\"wp-block-spacer\" style=\"height: 25px;\" aria-hidden=\"true\">\u00a0<\/div>\n<p><!-- \/wp:spacer --><\/p>\n<p><!-- wp:buttons --><\/p>\n<div class=\"wp-block-buttons\">\n<p><!-- wp:button {\"textColor\":\"white\",\"width\":75,\"align\":\"center\",\"style\":{\"color\":{\"background\":\"#e55d00\"}}} --><\/p>\n<div class=\"wp-block-button aligncenter has-custom-width wp-block-button__width-75\"><a class=\"wp-block-button__link has-white-color has-text-color has-background wp-element-button\" style=\"background-color: #e55d00;\" href=\"https:\/\/centroibon.es\/wp-content\/uploads\/2023\/03\/MEMORIA-2022-CENTRO-DE-ADICCIONES-.pdf\" target=\"_blank\" rel=\"noreferrer noopener\">Memoria 2022 (ver PDF)<\/a><\/div>\n<p><!-- \/wp:button --><\/p>\n<\/div>\n<p><!-- \/wp:buttons --><\/p>\n<p><!-- wp:spacer {\"height\":\"50px\"} --><\/p>\n<p>&nbsp;<\/p>\t\t\t\t\t\t\t\t<\/div>\n\t\t\t\t<\/div>\n\t\t\t\t<div class=\"elementor-element elementor-element-1447c3e elementor-widget-divider--view-line elementor-widget elementor-widget-divider\" data-id=\"1447c3e\" data-element_type=\"widget\" data-widget_type=\"divider.default\">\n\t\t\t\t<div class=\"elementor-widget-container\">\n\t\t\t\t\t\t\t<div class=\"elementor-divider\">\n\t\t\t<span class=\"elementor-divider-separator\">\n\t\t\t\t\t\t<\/span>\n\t\t<\/div>\n\t\t\t\t\t\t<\/div>\n\t\t\t\t<\/div>\n\t\t\t\t\t<\/div>\n\t\t\t\t<\/div>\n\t\t<div class=\"elementor-element elementor-element-819751d e-flex e-con-boxed e-con e-parent\" data-id=\"819751d\" data-element_type=\"container\">\n\t\t\t\t\t<div class=\"e-con-inner\">\n\t\t\t\t<div class=\"elementor-element elementor-element-6a84f12 elementor-widget elementor-widget-heading\" data-id=\"6a84f12\" data-element_type=\"widget\" data-widget_type=\"heading.default\">\n\t\t\t\t<div class=\"elementor-widget-container\">\n\t\t\t\t\t<h2 class=\"elementor-heading-title elementor-size-default\">Actividades del Centro Ib\u00f3n<\/h2>\t\t\t\t<\/div>\n\t\t\t\t<\/div>\n\t\t\t\t\t<\/div>\n\t\t\t\t<\/div>\n\t\t<div class=\"elementor-element elementor-element-73ac113 e-flex e-con-boxed e-con e-parent\" data-id=\"73ac113\" data-element_type=\"container\">\n\t\t\t\t\t<div class=\"e-con-inner\">\n\t\t\t\t<div class=\"elementor-element elementor-element-57ee95c elementor-grid-3 elementor-grid-tablet-2 elementor-grid-mobile-1 elementor-posts--thumbnail-top elementor-widget elementor-widget-posts\" data-id=\"57ee95c\" data-element_type=\"widget\" data-settings=\"{&quot;pagination_type&quot;:&quot;load_more_infinite_scroll&quot;,&quot;classic_columns&quot;:&quot;3&quot;,&quot;classic_columns_tablet&quot;:&quot;2&quot;,&quot;classic_columns_mobile&quot;:&quot;1&quot;,&quot;classic_row_gap&quot;:{&quot;unit&quot;:&quot;px&quot;,&quot;size&quot;:35,&quot;sizes&quot;:[]},&quot;classic_row_gap_tablet&quot;:{&quot;unit&quot;:&quot;px&quot;,&quot;size&quot;:&quot;&quot;,&quot;sizes&quot;:[]},&quot;classic_row_gap_mobile&quot;:{&quot;unit&quot;:&quot;px&quot;,&quot;size&quot;:&quot;&quot;,&quot;sizes&quot;:[]},&quot;load_more_spinner&quot;:{&quot;value&quot;:&quot;fas fa-spinner&quot;,&quot;library&quot;:&quot;fa-solid&quot;}}\" data-widget_type=\"posts.classic\">\n\t\t\t\t<div class=\"elementor-widget-container\">\n\t\t\t\t\t\t\t<div class=\"elementor-posts-container elementor-posts elementor-posts--skin-classic elementor-grid\" role=\"list\">\n\t\t\t\t<article class=\"elementor-post elementor-grid-item post-2219 post type-post status-publish format-standard hentry category-actividades\" role=\"listitem\">\n\t\t\t\t<div class=\"elementor-post__text\">\n\t\t\t\t<h3 class=\"elementor-post__title\">\n\t\t\t<a href=\"https:\/\/centroibon.es\/index.php\/2025\/01\/07\/prevencion\/\" >\n\t\t\t\tPREVENCI\u00d3N\t\t\t<\/a>\n\t\t<\/h3>\n\t\t\t\t<div class=\"elementor-post__meta-data\">\n\t\t\t\t\t<span class=\"elementor-post-date\">\n\t\t\t7 enero, 2025\t\t<\/span>\n\t\t\t\t<\/div>\n\t\t\t\t<div class=\"elementor-post__excerpt\">\n\t\t\t<p>Se viene trabajando con alumnado de los IES de Zaragoza, Huesca y Comarca del Alto G\u00e1llego desde 1998 hasta la actualidad 2024 programas de prevenci\u00f3n de adicciones.<\/p>\n\t\t<\/div>\n\t\t\n\t\t<a class=\"elementor-post__read-more\" href=\"https:\/\/centroibon.es\/index.php\/2025\/01\/07\/prevencion\/\" aria-label=\"Read more about PREVENCI\u00d3N\" tabindex=\"-1\" >\n\t\t\tLeer m\u00e1s\t\t<\/a>\n\n\t\t\t\t<\/div>\n\t\t\t\t<\/article>\n\t\t\t\t<article class=\"elementor-post elementor-grid-item post-2217 post type-post status-publish format-standard hentry category-actividades\" role=\"listitem\">\n\t\t\t\t<div class=\"elementor-post__text\">\n\t\t\t\t<h3 class=\"elementor-post__title\">\n\t\t\t<a href=\"https:\/\/centroibon.es\/index.php\/2025\/01\/07\/reinsercion\/\" >\n\t\t\t\tREINSERCI\u00d3N\t\t\t<\/a>\n\t\t<\/h3>\n\t\t\t\t<div class=\"elementor-post__meta-data\">\n\t\t\t\t\t<span class=\"elementor-post-date\">\n\t\t\t7 enero, 2025\t\t<\/span>\n\t\t\t\t<\/div>\n\t\t\t\t<div class=\"elementor-post__excerpt\">\n\t\t\t<p>2014-2024 Convenio con Secretar\u00eda General de Instituciones Penitenciaria. Ministerio del Interior: Programas y Talleres de Violencia de G\u00e9nero, Seguridad Vial, Maltrato en la familia, contra la Salud, P\u00fablica. A trav\u00e9s de los<\/p>\n\t\t<\/div>\n\t\t\n\t\t<a class=\"elementor-post__read-more\" href=\"https:\/\/centroibon.es\/index.php\/2025\/01\/07\/reinsercion\/\" aria-label=\"Read more about REINSERCI\u00d3N\" tabindex=\"-1\" >\n\t\t\tLeer m\u00e1s\t\t<\/a>\n\n\t\t\t\t<\/div>\n\t\t\t\t<\/article>\n\t\t\t\t<article class=\"elementor-post elementor-grid-item post-2215 post type-post status-publish format-standard hentry category-actividades\" role=\"listitem\">\n\t\t\t\t<div class=\"elementor-post__text\">\n\t\t\t\t<h3 class=\"elementor-post__title\">\n\t\t\t<a href=\"https:\/\/centroibon.es\/index.php\/2025\/01\/07\/centro-penitenciario-de-zuera\/\" >\n\t\t\t\tCENTRO PENITENCIARIO DE ZUERA\t\t\t<\/a>\n\t\t<\/h3>\n\t\t\t\t<div class=\"elementor-post__meta-data\">\n\t\t\t\t\t<span class=\"elementor-post-date\">\n\t\t\t7 enero, 2025\t\t<\/span>\n\t\t\t\t<\/div>\n\t\t\t\t<div class=\"elementor-post__excerpt\">\n\t\t\t<p>Desde 2014 -2024 se viene colaborando a trav\u00e9s de la realizaci\u00f3n de talleres de Agentes de Salud (VIH, ITS) Habilidades Sociales, Aislamiento, Escuela de madres y padres, adicciones, Herramientas para la gesti\u00f3n<\/p>\n\t\t<\/div>\n\t\t\n\t\t<a class=\"elementor-post__read-more\" href=\"https:\/\/centroibon.es\/index.php\/2025\/01\/07\/centro-penitenciario-de-zuera\/\" aria-label=\"Read more about CENTRO PENITENCIARIO DE ZUERA\" tabindex=\"-1\" >\n\t\t\tLeer m\u00e1s\t\t<\/a>\n\n\t\t\t\t<\/div>\n\t\t\t\t<\/article>\n\t\t\t\t<article class=\"elementor-post elementor-grid-item post-2213 post type-post status-publish format-standard hentry category-actividades\" role=\"listitem\">\n\t\t\t\t<div class=\"elementor-post__text\">\n\t\t\t\t<h3 class=\"elementor-post__title\">\n\t\t\t<a href=\"https:\/\/centroibon.es\/index.php\/2025\/01\/07\/centro-penitenciario-de-daroca\/\" >\n\t\t\t\tCENTRO PENITENCIARIO DE DAROCA\t\t\t<\/a>\n\t\t<\/h3>\n\t\t\t\t<div class=\"elementor-post__meta-data\">\n\t\t\t\t\t<span class=\"elementor-post-date\">\n\t\t\t7 enero, 2025\t\t<\/span>\n\t\t\t\t<\/div>\n\t\t\t\t<div class=\"elementor-post__excerpt\">\n\t\t\t<p>A partir de diciembre de 2024 se ha empezado a colaborar con el Centro a trav\u00e9s de talleres de Agentes de Salud (VIH, ITS) Habilidades Sociales, Adicciones, Escuela de padres.<\/p>\n\t\t<\/div>\n\t\t\n\t\t<a class=\"elementor-post__read-more\" href=\"https:\/\/centroibon.es\/index.php\/2025\/01\/07\/centro-penitenciario-de-daroca\/\" aria-label=\"Read more about CENTRO PENITENCIARIO DE DAROCA\" tabindex=\"-1\" >\n\t\t\tLeer m\u00e1s\t\t<\/a>\n\n\t\t\t\t<\/div>\n\t\t\t\t<\/article>\n\t\t\t\t<article class=\"elementor-post elementor-grid-item post-2211 post type-post status-publish format-standard hentry category-actividades\" role=\"listitem\">\n\t\t\t\t<div class=\"elementor-post__text\">\n\t\t\t\t<h3 class=\"elementor-post__title\">\n\t\t\t<a href=\"https:\/\/centroibon.es\/index.php\/2025\/01\/07\/ampas\/\" >\n\t\t\t\tAMPAS\t\t\t<\/a>\n\t\t<\/h3>\n\t\t\t\t<div class=\"elementor-post__meta-data\">\n\t\t\t\t\t<span class=\"elementor-post-date\">\n\t\t\t7 enero, 2025\t\t<\/span>\n\t\t\t\t<\/div>\n\t\t\t\t<div class=\"elementor-post__excerpt\">\n\t\t\t<p>Escuela de Madres y Padres itinerante, Escuela de Madres y Padres \u201cPirineos\u201d desde 1997 a 2010, \u00a0charlas debates para la prevenci\u00f3n, Convenio con la Comarca Alto G\u00e1llego dentro del Plan de Prevenci\u00f3n<\/p>\n\t\t<\/div>\n\t\t\n\t\t<a class=\"elementor-post__read-more\" href=\"https:\/\/centroibon.es\/index.php\/2025\/01\/07\/ampas\/\" aria-label=\"Read more about AMPAS\" tabindex=\"-1\" >\n\t\t\tLeer m\u00e1s\t\t<\/a>\n\n\t\t\t\t<\/div>\n\t\t\t\t<\/article>\n\t\t\t\t<article class=\"elementor-post elementor-grid-item post-2209 post type-post status-publish format-standard hentry category-actividades\" role=\"listitem\">\n\t\t\t\t<div class=\"elementor-post__text\">\n\t\t\t\t<h3 class=\"elementor-post__title\">\n\t\t\t<a href=\"https:\/\/centroibon.es\/index.php\/2025\/01\/07\/apoyo-escolar\/\" >\n\t\t\t\tAPOYO ESCOLAR\t\t\t<\/a>\n\t\t<\/h3>\n\t\t\t\t<div class=\"elementor-post__meta-data\">\n\t\t\t\t\t<span class=\"elementor-post-date\">\n\t\t\t7 enero, 2025\t\t<\/span>\n\t\t\t\t<\/div>\n\t\t\t\t<div class=\"elementor-post__excerpt\">\n\t\t\t<p>Desde el curso 2012\/2013 hasta la actualidad se est\u00e1 llevando a cabo un programa de refuerzo escolar con alumnado de los tres colegios de Sabi\u00f1\u00e1nigo en colaboraci\u00f3n con, Santa Ana, CEIP Montecorona<\/p>\n\t\t<\/div>\n\t\t\n\t\t<a class=\"elementor-post__read-more\" href=\"https:\/\/centroibon.es\/index.php\/2025\/01\/07\/apoyo-escolar\/\" aria-label=\"Read more about APOYO ESCOLAR\" tabindex=\"-1\" >\n\t\t\tLeer m\u00e1s\t\t<\/a>\n\n\t\t\t\t<\/div>\n\t\t\t\t<\/article>\n\t\t\t\t<\/div>\n\t\t\t\t\t<span class=\"e-load-more-spinner\">\n\t\t\t\t<svg aria-hidden=\"true\" class=\"e-font-icon-svg e-fas-spinner\" viewBox=\"0 0 512 512\" xmlns=\"http:\/\/www.w3.org\/2000\/svg\"><path d=\"M304 48c0 26.51-21.49 48-48 48s-48-21.49-48-48 21.49-48 48-48 48 21.49 48 48zm-48 368c-26.51 0-48 21.49-48 48s21.49 48 48 48 48-21.49 48-48-21.49-48-48-48zm208-208c-26.51 0-48 21.49-48 48s21.49 48 48 48 48-21.49 48-48-21.49-48-48-48zM96 256c0-26.51-21.49-48-48-48S0 229.49 0 256s21.49 48 48 48 48-21.49 48-48zm12.922 99.078c-26.51 0-48 21.49-48 48s21.49 48 48 48 48-21.49 48-48c0-26.509-21.491-48-48-48zm294.156 0c-26.51 0-48 21.49-48 48s21.49 48 48 48 48-21.49 48-48c0-26.509-21.49-48-48-48zM108.922 60.922c-26.51 0-48 21.49-48 48s21.49 48 48 48 48-21.49 48-48-21.491-48-48-48z\"><\/path><\/svg>\t\t\t<\/span>\n\t\t\n\t\t\t\t<div class=\"e-load-more-anchor\" data-page=\"1\" data-max-page=\"8\" data-next-page=\"https:\/\/centroibon.es\/index.php\/wp-json\/wp\/v2\/pages\/1503\/page\/2\/\"><\/div>\n\t\t\t\t<div class=\"e-load-more-message\"><\/div>\n\t\t\t\t\t\t<\/div>\n\t\t\t\t<\/div>\n\t\t\t\t\t<\/div>\n\t\t\t\t<\/div>\n\t\t\t\t<\/div>\n\t\t","protected":false},"excerpt":{"rendered":"<p>Memorias Centro de Adicciones Memoria 2024 (ver PDF) \u00a0 Memoria 2023 (ver PDF) \u00a0 Memoria 2022 (ver PDF) &nbsp; Actividades del Centro Ib\u00f3n<\/p>\n","protected":false},"author":1,"featured_media":1683,"parent":0,"menu_order":0,"comment_status":"closed","ping_status":"closed","template":"","meta":{"_monsterinsights_skip_tracking":false,"_monsterinsights_sitenote_active":false,"_monsterinsights_sitenote_note":"","_monsterinsights_sitenote_category":0,"footnotes":""},"class_list":["post-1503","page","type-page","status-publish","has-post-thumbnail","hentry"],"aioseo_notices":[],"_links":{"self":[{"href":"https:\/\/centroibon.es\/index.php\/wp-json\/wp\/v2\/pages\/1503","targetHints":{"allow":["GET"]}}],"collection":[{"href":"https:\/\/centroibon.es\/index.php\/wp-json\/wp\/v2\/pages"}],"about":[{"href":"https:\/\/centroibon.es\/index.php\/wp-json\/wp\/v2\/types\/page"}],"author":[{"embeddable":true,"href":"https:\/\/centroibon.es\/index.php\/wp-json\/wp\/v2\/users\/1"}],"replies":[{"embeddable":true,"href":"https:\/\/centroibon.es\/index.php\/wp-json\/wp\/v2\/comments?post=1503"}],"version-history":[{"count":64,"href":"https:\/\/centroibon.es\/index.php\/wp-json\/wp\/v2\/pages\/1503\/revisions"}],"predecessor-version":[{"id":2503,"href":"https:\/\/centroibon.es\/index.php\/wp-json\/wp\/v2\/pages\/1503\/revisions\/2503"}],"wp:featuredmedia":[{"embeddable":true,"href":"https:\/\/centroibon.es\/index.php\/wp-json\/wp\/v2\/media\/1683"}],"wp:attachment":[{"href":"https:\/\/centroibon.es\/index.php\/wp-json\/wp\/v2\/media?parent=1503"}],"curies":[{"name":"wp","href":"https:\/\/api.w.org\/{rel}","templated":true}]}}