{"id":17,"date":"2015-09-07T13:41:59","date_gmt":"2015-09-07T13:41:59","guid":{"rendered":"http:\/\/localhost\/ibon\/?page_id=17"},"modified":"2024-10-02T17:09:49","modified_gmt":"2024-10-02T17:09:49","slug":"breve-historia","status":"publish","type":"page","link":"https:\/\/centroibon.es\/index.php\/breve-historia\/","title":{"rendered":"Breve historia"},"content":{"rendered":"\n<p>La Asociaci\u00f3n para la Atenci\u00f3n y Prevenci\u00f3n de Adicciones es una entidad de car\u00e1cter no lucrativo, cuyo \u00e1mbito territorial de actuaci\u00f3n es la Comunidad Aut\u00f3noma de Arag\u00f3n. Inicia su actividad en febrero de 1997.<\/p>\n\n\n\n<p>A iniciativa de un grupo de familiares y afectados por problemas de adicciones de Jaca, Sabi\u00f1\u00e1nigo y otras localidades de las Comarcas de la Jacetania y Alto Gallego, se crea esta entidad para dar respuesta a necesidad de atenci\u00f3n.<\/p>\n\n\n\n<p>Desde los comienzos se prioriz\u00f3: llevar a cabo actividades de prevenci\u00f3n, sensibilizaci\u00f3n social y dar cobertura de asistencia a personas con problemas de adicciones.<\/p>\n\n\n\n<p>Con la finalidad de disminuir las causas y efectos de las diferentes formas de marginaci\u00f3n y exclusi\u00f3n social producidos como consecuencia de las adicciones se han implementado actuaciones orientadas en tres direcciones:<\/p>\n\n\n\n<ul class=\"wp-block-list\">\n<li>Actividades de prevenci\u00f3n y sensibilizaci\u00f3n para disminuir los efectos de las adicciones.<\/li>\n\n\n\n<li>Actividades de atenci\u00f3n y reinserci\u00f3n social de afectados.<\/li>\n\n\n\n<li>Actividades de investigaci\u00f3n y transferencia de conocimientos.<\/li>\n<\/ul>\n\n\n\n<p>En el a\u00f1o 2022 cumplimos 25 a\u00f1os trabajando con y para las personas.<\/p>\n\n\n\n<hr class=\"wp-block-separator has-alpha-channel-opacity\"\/>\n\n\n\n<figure class=\"wp-block-image size-large\"><a href=\"https:\/\/centroibon.es\/?page_id=1556\"><img fetchpriority=\"high\" decoding=\"async\" width=\"1024\" height=\"576\" src=\"https:\/\/centroibon.es\/wp-content\/uploads\/2023\/02\/programas-destinatarios-1024x576.jpg\" alt=\"\" class=\"wp-image-1557\" srcset=\"https:\/\/centroibon.es\/wp-content\/uploads\/2023\/02\/programas-destinatarios-1024x576.jpg 1024w, https:\/\/centroibon.es\/wp-content\/uploads\/2023\/02\/programas-destinatarios-300x169.jpg 300w, https:\/\/centroibon.es\/wp-content\/uploads\/2023\/02\/programas-destinatarios-768x432.jpg 768w, https:\/\/centroibon.es\/wp-content\/uploads\/2023\/02\/programas-destinatarios-1536x864.jpg 1536w, https:\/\/centroibon.es\/wp-content\/uploads\/2023\/02\/programas-destinatarios-2048x1152.jpg 2048w\" sizes=\"(max-width: 1024px) 100vw, 1024px\" \/><\/a><figcaption class=\"wp-element-caption\">Clic en la imagen para conocer los Destinatarios de Nuestros Programas<\/figcaption><\/figure>\n","protected":false},"excerpt":{"rendered":"<p>La Asociaci\u00f3n para la Atenci\u00f3n y Prevenci\u00f3n de Adicciones es una entidad de car\u00e1cter no lucrativo, cuyo \u00e1mbito territorial de actuaci\u00f3n es la Comunidad Aut\u00f3noma de Arag\u00f3n. Inicia su actividad en febrero<a class=\"moretag\" href=\"https:\/\/centroibon.es\/index.php\/breve-historia\/\">Leer m\u00e1s&#8230;<\/a><\/p>\n","protected":false},"author":1,"featured_media":1441,"parent":0,"menu_order":0,"comment_status":"closed","ping_status":"closed","template":"","meta":{"_monsterinsights_skip_tracking":false,"_monsterinsights_sitenote_active":false,"_monsterinsights_sitenote_note":"","_monsterinsights_sitenote_category":0,"footnotes":""},"class_list":["post-17","page","type-page","status-publish","has-post-thumbnail","hentry"],"aioseo_notices":[],"_links":{"self":[{"href":"https:\/\/centroibon.es\/index.php\/wp-json\/wp\/v2\/pages\/17","targetHints":{"allow":["GET"]}}],"collection":[{"href":"https:\/\/centroibon.es\/index.php\/wp-json\/wp\/v2\/pages"}],"about":[{"href":"https:\/\/centroibon.es\/index.php\/wp-json\/wp\/v2\/types\/page"}],"author":[{"embeddable":true,"href":"https:\/\/centroibon.es\/index.php\/wp-json\/wp\/v2\/users\/1"}],"replies":[{"embeddable":true,"href":"https:\/\/centroibon.es\/index.php\/wp-json\/wp\/v2\/comments?post=17"}],"version-history":[{"count":19,"href":"https:\/\/centroibon.es\/index.php\/wp-json\/wp\/v2\/pages\/17\/revisions"}],"predecessor-version":[{"id":1989,"href":"https:\/\/centroibon.es\/index.php\/wp-json\/wp\/v2\/pages\/17\/revisions\/1989"}],"wp:featuredmedia":[{"embeddable":true,"href":"https:\/\/centroibon.es\/index.php\/wp-json\/wp\/v2\/media\/1441"}],"wp:attachment":[{"href":"https:\/\/centroibon.es\/index.php\/wp-json\/wp\/v2\/media?parent=17"}],"curies":[{"name":"wp","href":"https:\/\/api.w.org\/{rel}","templated":true}]}}