{"id":19,"date":"2015-09-07T13:42:11","date_gmt":"2015-09-07T13:42:11","guid":{"rendered":"http:\/\/localhost\/ibon\/?page_id=19"},"modified":"2023-11-02T19:30:34","modified_gmt":"2023-11-02T19:30:34","slug":"fines-y-objetivos","status":"publish","type":"page","link":"https:\/\/centroibon.es\/index.php\/fines-y-objetivos\/","title":{"rendered":"Nuestros fines"},"content":{"rendered":"\n<p><strong>FINES DE LA ASOCIACI\u00d3N <\/strong><\/p>\n\n\n\n<ol class=\"wp-block-list\">\n<li>Prevenci\u00f3n de drogodependencias en el marco de la promoci\u00f3n y la educaci\u00f3n para la salud, dirigida a poblaci\u00f3n infantil, adolescentes, joven, mujer, padres y madres, poblaci\u00f3n en general, poblaci\u00f3n en situaci\u00f3n de especial vulnerabilidad y exclusi\u00f3n social.<\/li>\n\n\n\n<li>Asesoramiento, apoyo y colaboraci\u00f3n en la formaci\u00f3n sobre drogodependencias en el \u00e1mbito educativo a trav\u00e9s de actividades pr\u00e1cticas y cursos te\u00f3ricos pr\u00e1cticos dirigidos a alumnos universitarios, docentes y futuros docentes.<\/li>\n\n\n\n<li>Fomento y promoci\u00f3n de la igualdad real y efectiva entre mujeres y hombres. Prevenci\u00f3n y erradicaci\u00f3n de la violencia de g\u00e9nero.<\/li>\n\n\n\n<li>Atenci\u00f3n espec\u00edfica a personas afectadas por problemas derivados de diversas adicciones (drogodependencias, nuevas tecnolog\u00edas, ludopat\u00eda, juego patol\u00f3gico), incluyendo la prevenci\u00f3n e intervenci\u00f3n con menores, en coordinaci\u00f3n con la red p\u00fablica y privada.<\/li>\n\n\n\n<li>Asesoramiento, informaci\u00f3n, orientaci\u00f3n y apoyo a las familias, poblaci\u00f3n general, colectivos, empresas y entidades del tejido social en materia de adicciones.<\/li>\n\n\n\n<li>Investigaci\u00f3n sobre el fen\u00f3meno de las adicciones y otras problem\u00e1ticas sociales como agresividad violencia de g\u00e9nero y violencia machista, alcoholismo, acoso y conflictos familiares etc. transferencia de resultados a la comunidad cient\u00edfica, profesionales dedicados a la intervenci\u00f3n y a la sociedad en general.<\/li>\n\n\n\n<li>Formaci\u00f3n de mediadores sociales en prevenci\u00f3n de drogodependencias y otras adicciones.<\/li>\n\n\n\n<li>Prevenci\u00f3n, intervenci\u00f3n y seguimiento en materia de comportamientos violentos, especialmente violencia de g\u00e9nero, violencia en el seno de la familia e intervenci\u00f3n con agresores.<\/li>\n\n\n\n<li>Colaboraci\u00f3n con instituciones penitenciarias para la realizaci\u00f3n de intervenciones psicoeducativas con personas en cumplimiento de penas, tanto en r\u00e9gimen abierto en medidas alternativas como en r\u00e9gimen cerrado en prisi\u00f3n.<\/li>\n\n\n\n<li>Promoci\u00f3n y apoyo a la inclusi\u00f3n social de las personas atendidas, en especial a los grupos m\u00e1s vulnerables, con una perspectiva de salud integral.<\/li>\n<\/ol>\n\n\n\n<hr class=\"wp-block-separator has-alpha-channel-opacity\"\/>\n\n\n\n<figure class=\"wp-block-image size-large\"><a href=\"https:\/\/centroibon.es\/wp-content\/uploads\/2023\/02\/nuestros-fines-1-scaled.jpg\"><img fetchpriority=\"high\" decoding=\"async\" width=\"1024\" height=\"576\" src=\"https:\/\/centroibon.es\/wp-content\/uploads\/2023\/02\/nuestros-fines-1-1024x576.jpg\" alt=\"\" class=\"wp-image-1507\" srcset=\"https:\/\/centroibon.es\/wp-content\/uploads\/2023\/02\/nuestros-fines-1-1024x576.jpg 1024w, https:\/\/centroibon.es\/wp-content\/uploads\/2023\/02\/nuestros-fines-1-300x169.jpg 300w, https:\/\/centroibon.es\/wp-content\/uploads\/2023\/02\/nuestros-fines-1-768x432.jpg 768w, https:\/\/centroibon.es\/wp-content\/uploads\/2023\/02\/nuestros-fines-1-1536x864.jpg 1536w, https:\/\/centroibon.es\/wp-content\/uploads\/2023\/02\/nuestros-fines-1-2048x1152.jpg 2048w\" sizes=\"(max-width: 1024px) 100vw, 1024px\" \/><\/a><\/figure>\n","protected":false},"excerpt":{"rendered":"<p>FINES DE LA ASOCIACI\u00d3N<\/p>\n","protected":false},"author":1,"featured_media":1442,"parent":0,"menu_order":0,"comment_status":"closed","ping_status":"closed","template":"","meta":{"_monsterinsights_skip_tracking":false,"_monsterinsights_sitenote_active":false,"_monsterinsights_sitenote_note":"","_monsterinsights_sitenote_category":0,"footnotes":""},"class_list":["post-19","page","type-page","status-publish","has-post-thumbnail","hentry"],"aioseo_notices":[],"_links":{"self":[{"href":"https:\/\/centroibon.es\/index.php\/wp-json\/wp\/v2\/pages\/19","targetHints":{"allow":["GET"]}}],"collection":[{"href":"https:\/\/centroibon.es\/index.php\/wp-json\/wp\/v2\/pages"}],"about":[{"href":"https:\/\/centroibon.es\/index.php\/wp-json\/wp\/v2\/types\/page"}],"author":[{"embeddable":true,"href":"https:\/\/centroibon.es\/index.php\/wp-json\/wp\/v2\/users\/1"}],"replies":[{"embeddable":true,"href":"https:\/\/centroibon.es\/index.php\/wp-json\/wp\/v2\/comments?post=19"}],"version-history":[{"count":21,"href":"https:\/\/centroibon.es\/index.php\/wp-json\/wp\/v2\/pages\/19\/revisions"}],"predecessor-version":[{"id":1860,"href":"https:\/\/centroibon.es\/index.php\/wp-json\/wp\/v2\/pages\/19\/revisions\/1860"}],"wp:featuredmedia":[{"embeddable":true,"href":"https:\/\/centroibon.es\/index.php\/wp-json\/wp\/v2\/media\/1442"}],"wp:attachment":[{"href":"https:\/\/centroibon.es\/index.php\/wp-json\/wp\/v2\/media?parent=19"}],"curies":[{"name":"wp","href":"https:\/\/api.w.org\/{rel}","templated":true}]}}