{"id":2111,"date":"2024-10-07T07:57:55","date_gmt":"2024-10-07T07:57:55","guid":{"rendered":"https:\/\/centroibon.es\/?page_id=2111"},"modified":"2025-10-11T11:49:05","modified_gmt":"2025-10-11T09:49:05","slug":"noticias","status":"publish","type":"page","link":"https:\/\/centroibon.es\/index.php\/noticias\/","title":{"rendered":"Noticias"},"content":{"rendered":"\t\t<div data-elementor-type=\"wp-page\" data-elementor-id=\"2111\" class=\"elementor elementor-2111\" data-elementor-post-type=\"page\">\n\t\t\t\t<div class=\"elementor-element elementor-element-3027150 e-flex e-con-boxed e-con e-parent\" data-id=\"3027150\" data-element_type=\"container\">\n\t\t\t\t\t<div class=\"e-con-inner\">\n\t\t\t\t<div class=\"elementor-element elementor-element-980574f elementor-widget elementor-widget-heading\" data-id=\"980574f\" data-element_type=\"widget\" data-widget_type=\"heading.default\">\n\t\t\t\t<div class=\"elementor-widget-container\">\n\t\t\t\t\t<h2 class=\"elementor-heading-title elementor-size-default\">Noticias del Centro Ib\u00f3n<\/h2>\t\t\t\t<\/div>\n\t\t\t\t<\/div>\n\t\t\t\t\t<\/div>\n\t\t\t\t<\/div>\n\t\t<div class=\"elementor-element elementor-element-cf0b431 e-flex e-con-boxed e-con e-parent\" data-id=\"cf0b431\" data-element_type=\"container\">\n\t\t\t\t\t<div class=\"e-con-inner\">\n\t\t\t\t<div class=\"elementor-element elementor-element-5d7247c elementor-grid-3 elementor-grid-tablet-2 elementor-grid-mobile-1 elementor-posts--thumbnail-top elementor-widget elementor-widget-posts\" data-id=\"5d7247c\" data-element_type=\"widget\" data-settings=\"{&quot;pagination_type&quot;:&quot;load_more_infinite_scroll&quot;,&quot;classic_columns&quot;:&quot;3&quot;,&quot;classic_columns_tablet&quot;:&quot;2&quot;,&quot;classic_columns_mobile&quot;:&quot;1&quot;,&quot;classic_row_gap&quot;:{&quot;unit&quot;:&quot;px&quot;,&quot;size&quot;:35,&quot;sizes&quot;:[]},&quot;classic_row_gap_tablet&quot;:{&quot;unit&quot;:&quot;px&quot;,&quot;size&quot;:&quot;&quot;,&quot;sizes&quot;:[]},&quot;classic_row_gap_mobile&quot;:{&quot;unit&quot;:&quot;px&quot;,&quot;size&quot;:&quot;&quot;,&quot;sizes&quot;:[]},&quot;load_more_spinner&quot;:{&quot;value&quot;:&quot;fas fa-spinner&quot;,&quot;library&quot;:&quot;fa-solid&quot;}}\" data-widget_type=\"posts.classic\">\n\t\t\t\t<div class=\"elementor-widget-container\">\n\t\t\t\t\t\t\t<div class=\"elementor-posts-container elementor-posts elementor-posts--skin-classic elementor-grid\" role=\"list\">\n\t\t\t\t<article class=\"elementor-post elementor-grid-item post-2495 post type-post status-publish format-standard hentry category-noticias\" role=\"listitem\">\n\t\t\t\t<div class=\"elementor-post__text\">\n\t\t\t\t<h3 class=\"elementor-post__title\">\n\t\t\t<a href=\"https:\/\/centroibon.es\/index.php\/2025\/10\/13\/programas-talleres-centro-penitenciario-daroca-2025-2026\/\" >\n\t\t\t\tProgramas y talleres dirigidos a internos del Centro Penitenciario de Daroca: Adicciones, VIH y ETS (Agentes de Salud), Escuela de padres, 2025-2026.\t\t\t<\/a>\n\t\t<\/h3>\n\t\t\t\t<div class=\"elementor-post__meta-data\">\n\t\t\t\t\t<span class=\"elementor-post-date\">\n\t\t\t13 octubre, 2025\t\t<\/span>\n\t\t\t\t<\/div>\n\t\t\t\t<div class=\"elementor-post__excerpt\">\n\t\t\t<p>Daroca, 2025-2026.IB\u00d3N desarrolla programas y talleres con personas internas del Centro Penitenciario de Daroca, centrados en adicciones, prevenci\u00f3n del VIH y ETS (formaci\u00f3n de agentes de salud) y escuela de padres.<\/p>\n\t\t<\/div>\n\t\t\n\t\t<a class=\"elementor-post__read-more\" href=\"https:\/\/centroibon.es\/index.php\/2025\/10\/13\/programas-talleres-centro-penitenciario-daroca-2025-2026\/\" aria-label=\"Read more about Programas y talleres dirigidos a internos del Centro Penitenciario de Daroca: Adicciones, VIH y ETS (Agentes de Salud), Escuela de padres, 2025-2026.\" tabindex=\"-1\" >\n\t\t\tLeer m\u00e1s\t\t<\/a>\n\n\t\t\t\t<\/div>\n\t\t\t\t<\/article>\n\t\t\t\t<article class=\"elementor-post elementor-grid-item post-2493 post type-post status-publish format-standard hentry category-noticias\" role=\"listitem\">\n\t\t\t\t<div class=\"elementor-post__text\">\n\t\t\t\t<h3 class=\"elementor-post__title\">\n\t\t\t<a href=\"https:\/\/centroibon.es\/index.php\/2025\/10\/13\/programas-talleres-centro-penitenciario-zuera-2025-2026\/\" >\n\t\t\t\tProgramas y talleres dirigidos a internos e internas del Centro Penitenciario de Zuera: Adicciones, VIH y ETS (Agentes de Salud), Aislamiento, 2025-2026.\t\t\t<\/a>\n\t\t<\/h3>\n\t\t\t\t<div class=\"elementor-post__meta-data\">\n\t\t\t\t\t<span class=\"elementor-post-date\">\n\t\t\t13 octubre, 2025\t\t<\/span>\n\t\t\t\t<\/div>\n\t\t\t\t<div class=\"elementor-post__excerpt\">\n\t\t\t<p>Zuera, 2025-2026.IB\u00d3N imparte programas y talleres dirigidos a personas internas del Centro Penitenciario de Zuera, centrados en adicciones, prevenci\u00f3n del VIH y ETS (formaci\u00f3n de agentes de salud) y apoyo en situaciones<\/p>\n\t\t<\/div>\n\t\t\n\t\t<a class=\"elementor-post__read-more\" href=\"https:\/\/centroibon.es\/index.php\/2025\/10\/13\/programas-talleres-centro-penitenciario-zuera-2025-2026\/\" aria-label=\"Read more about Programas y talleres dirigidos a internos e internas del Centro Penitenciario de Zuera: Adicciones, VIH y ETS (Agentes de Salud), Aislamiento, 2025-2026.\" tabindex=\"-1\" >\n\t\t\tLeer m\u00e1s\t\t<\/a>\n\n\t\t\t\t<\/div>\n\t\t\t\t<\/article>\n\t\t\t\t<article class=\"elementor-post elementor-grid-item post-2491 post type-post status-publish format-standard hentry category-noticias\" role=\"listitem\">\n\t\t\t\t<div class=\"elementor-post__text\">\n\t\t\t\t<h3 class=\"elementor-post__title\">\n\t\t\t<a href=\"https:\/\/centroibon.es\/index.php\/2025\/10\/13\/programas-penas-alternativas-nacional-2025-2026\/\" >\n\t\t\t\tProgramas y talleres dirigidos a penados en suspensi\u00f3n de penas con los Servicios de Gesti\u00f3n de Penas y Medidas Alternativas a nivel nacional 2025-2026 coordinados desde la Secretar\u00eda General de Instituciones Penitenciarias.\t\t\t<\/a>\n\t\t<\/h3>\n\t\t\t\t<div class=\"elementor-post__meta-data\">\n\t\t\t\t\t<span class=\"elementor-post-date\">\n\t\t\t13 octubre, 2025\t\t<\/span>\n\t\t\t\t<\/div>\n\t\t\t\t<div class=\"elementor-post__excerpt\">\n\t\t\t<p>IB\u00d3N participa en programas y talleres dirigidos a personas penadas en suspensi\u00f3n de condena, en el marco de los Servicios de Gesti\u00f3n de Penas y Medidas Alternativas a nivel nacional, coordinados por<\/p>\n\t\t<\/div>\n\t\t\n\t\t<a class=\"elementor-post__read-more\" href=\"https:\/\/centroibon.es\/index.php\/2025\/10\/13\/programas-penas-alternativas-nacional-2025-2026\/\" aria-label=\"Read more about Programas y talleres dirigidos a penados en suspensi\u00f3n de penas con los Servicios de Gesti\u00f3n de Penas y Medidas Alternativas a nivel nacional 2025-2026 coordinados desde la Secretar\u00eda General de Instituciones Penitenciarias.\" tabindex=\"-1\" >\n\t\t\tLeer m\u00e1s\t\t<\/a>\n\n\t\t\t\t<\/div>\n\t\t\t\t<\/article>\n\t\t\t\t<article class=\"elementor-post elementor-grid-item post-2489 post type-post status-publish format-standard hentry category-noticias\" role=\"listitem\">\n\t\t\t\t<div class=\"elementor-post__text\">\n\t\t\t\t<h3 class=\"elementor-post__title\">\n\t\t\t<a href=\"https:\/\/centroibon.es\/index.php\/2025\/10\/13\/programas-talleres-penas-alternativas-huesca-zaragoza-2025-2026\/\" >\n\t\t\t\tProgramas y talleres dirigidos a penados en suspensi\u00f3n de penas con los Servicios de Gesti\u00f3n de Penas y Medidas Alternativas de Huesca y Zaragoza 2025-2026\t\t\t<\/a>\n\t\t<\/h3>\n\t\t\t\t<div class=\"elementor-post__meta-data\">\n\t\t\t\t\t<span class=\"elementor-post-date\">\n\t\t\t13 octubre, 2025\t\t<\/span>\n\t\t\t\t<\/div>\n\t\t\t\t<div class=\"elementor-post__excerpt\">\n\t\t\t<p>Arag\u00f3n, 2025-2026.IB\u00d3N lleva a cabo programas y talleres dirigidos a personas penadas en suspensi\u00f3n de condena, en coordinaci\u00f3n con los Servicios de Gesti\u00f3n de Penas y Medidas Alternativas de Huesca y Zaragoza.<\/p>\n\t\t<\/div>\n\t\t\n\t\t<a class=\"elementor-post__read-more\" href=\"https:\/\/centroibon.es\/index.php\/2025\/10\/13\/programas-talleres-penas-alternativas-huesca-zaragoza-2025-2026\/\" aria-label=\"Read more about Programas y talleres dirigidos a penados en suspensi\u00f3n de penas con los Servicios de Gesti\u00f3n de Penas y Medidas Alternativas de Huesca y Zaragoza 2025-2026\" tabindex=\"-1\" >\n\t\t\tLeer m\u00e1s\t\t<\/a>\n\n\t\t\t\t<\/div>\n\t\t\t\t<\/article>\n\t\t\t\t<article class=\"elementor-post elementor-grid-item post-2487 post type-post status-publish format-standard hentry category-noticias\" role=\"listitem\">\n\t\t\t\t<div class=\"elementor-post__text\">\n\t\t\t\t<h3 class=\"elementor-post__title\">\n\t\t\t<a href=\"https:\/\/centroibon.es\/index.php\/2025\/10\/13\/programa-apoyo-escolar-colegios-sabinanigo-2025-2026\/\" >\n\t\t\t\tPrograma de apoyo escolar con alumnado de los colegios de Sabi\u00f1\u00e1nigo: Puente Sardas, Santa Ana, Monte Corona y en colaboraci\u00f3n con las direcciones de los centros. 2025-2026.\t\t\t<\/a>\n\t\t<\/h3>\n\t\t\t\t<div class=\"elementor-post__meta-data\">\n\t\t\t\t\t<span class=\"elementor-post-date\">\n\t\t\t13 octubre, 2025\t\t<\/span>\n\t\t\t\t<\/div>\n\t\t\t\t<div class=\"elementor-post__excerpt\">\n\t\t\t<p>Este programa de apoyo escolar est\u00e1 dirigido al alumnado de los colegios Puente Sardas, Santa Ana y Monte Corona, en colaboraci\u00f3n con las direcciones de los centros educativos.<\/p>\n\t\t<\/div>\n\t\t\n\t\t<a class=\"elementor-post__read-more\" href=\"https:\/\/centroibon.es\/index.php\/2025\/10\/13\/programa-apoyo-escolar-colegios-sabinanigo-2025-2026\/\" aria-label=\"Read more about Programa de apoyo escolar con alumnado de los colegios de Sabi\u00f1\u00e1nigo: Puente Sardas, Santa Ana, Monte Corona y en colaboraci\u00f3n con las direcciones de los centros. 2025-2026.\" tabindex=\"-1\" >\n\t\t\tLeer m\u00e1s\t\t<\/a>\n\n\t\t\t\t<\/div>\n\t\t\t\t<\/article>\n\t\t\t\t<article class=\"elementor-post elementor-grid-item post-2449 post type-post status-publish format-standard has-post-thumbnail hentry category-noticias\" role=\"listitem\">\n\t\t\t\t<a class=\"elementor-post__thumbnail__link\" href=\"https:\/\/centroibon.es\/index.php\/2025\/10\/12\/ibon-participa-en-el-grupo-de-trabajo-de-la-red-aragonesa-de-inclusion-en-huesca\/\" tabindex=\"-1\" >\n\t\t\t<div class=\"elementor-post__thumbnail\"><img fetchpriority=\"high\" decoding=\"async\" width=\"300\" height=\"185\" src=\"https:\/\/centroibon.es\/wp-content\/uploads\/2025\/10\/ibon-participa-grupo-trabajo-red-inclusion-huesca-2025-300x185.webp\" class=\"attachment-medium size-medium wp-image-2450\" alt=\"IB\u00d3N participa en el grupo de trabajo de la Red Aragonesa de Inclusi\u00f3n en Huesca\" srcset=\"https:\/\/centroibon.es\/wp-content\/uploads\/2025\/10\/ibon-participa-grupo-trabajo-red-inclusion-huesca-2025-300x185.webp 300w, https:\/\/centroibon.es\/wp-content\/uploads\/2025\/10\/ibon-participa-grupo-trabajo-red-inclusion-huesca-2025-768x473.webp 768w, https:\/\/centroibon.es\/wp-content\/uploads\/2025\/10\/ibon-participa-grupo-trabajo-red-inclusion-huesca-2025.webp 843w\" sizes=\"(max-width: 300px) 100vw, 300px\" \/><\/div>\n\t\t<\/a>\n\t\t\t\t<div class=\"elementor-post__text\">\n\t\t\t\t<h3 class=\"elementor-post__title\">\n\t\t\t<a href=\"https:\/\/centroibon.es\/index.php\/2025\/10\/12\/ibon-participa-en-el-grupo-de-trabajo-de-la-red-aragonesa-de-inclusion-en-huesca\/\" >\n\t\t\t\tIB\u00d3N participa en el grupo de trabajo de la Red Aragonesa de Inclusi\u00f3n en Huesca\t\t\t<\/a>\n\t\t<\/h3>\n\t\t\t\t<div class=\"elementor-post__meta-data\">\n\t\t\t\t\t<span class=\"elementor-post-date\">\n\t\t\t12 octubre, 2025\t\t<\/span>\n\t\t\t\t<\/div>\n\t\t\t\t<div class=\"elementor-post__excerpt\">\n\t\t\t<p>La asociaci\u00f3n IB\u00d3N ha participado en el grupo de trabajo de la Red Aragonesa de Inclusi\u00f3n celebrado en Huesca.Durante la sesi\u00f3n, se avanz\u00f3 en la preparaci\u00f3n del acto conmemorativo del D\u00eda Internacional<\/p>\n\t\t<\/div>\n\t\t\n\t\t<a class=\"elementor-post__read-more\" href=\"https:\/\/centroibon.es\/index.php\/2025\/10\/12\/ibon-participa-en-el-grupo-de-trabajo-de-la-red-aragonesa-de-inclusion-en-huesca\/\" aria-label=\"Read more about IB\u00d3N participa en el grupo de trabajo de la Red Aragonesa de Inclusi\u00f3n en Huesca\" tabindex=\"-1\" >\n\t\t\tLeer m\u00e1s\t\t<\/a>\n\n\t\t\t\t<\/div>\n\t\t\t\t<\/article>\n\t\t\t\t<\/div>\n\t\t\t\t\t<span class=\"e-load-more-spinner\">\n\t\t\t\t<svg aria-hidden=\"true\" class=\"e-font-icon-svg e-fas-spinner\" viewBox=\"0 0 512 512\" xmlns=\"http:\/\/www.w3.org\/2000\/svg\"><path d=\"M304 48c0 26.51-21.49 48-48 48s-48-21.49-48-48 21.49-48 48-48 48 21.49 48 48zm-48 368c-26.51 0-48 21.49-48 48s21.49 48 48 48 48-21.49 48-48-21.49-48-48-48zm208-208c-26.51 0-48 21.49-48 48s21.49 48 48 48 48-21.49 48-48-21.49-48-48-48zM96 256c0-26.51-21.49-48-48-48S0 229.49 0 256s21.49 48 48 48 48-21.49 48-48zm12.922 99.078c-26.51 0-48 21.49-48 48s21.49 48 48 48 48-21.49 48-48c0-26.509-21.491-48-48-48zm294.156 0c-26.51 0-48 21.49-48 48s21.49 48 48 48 48-21.49 48-48c0-26.509-21.49-48-48-48zM108.922 60.922c-26.51 0-48 21.49-48 48s21.49 48 48 48 48-21.49 48-48-21.491-48-48-48z\"><\/path><\/svg>\t\t\t<\/span>\n\t\t\n\t\t\t\t<div class=\"e-load-more-anchor\" data-page=\"1\" data-max-page=\"9\" data-next-page=\"https:\/\/centroibon.es\/index.php\/wp-json\/wp\/v2\/pages\/2111\/page\/2\/\"><\/div>\n\t\t\t\t<div class=\"e-load-more-message\"><\/div>\n\t\t\t\t\t\t<\/div>\n\t\t\t\t<\/div>\n\t\t\t\t\t<\/div>\n\t\t\t\t<\/div>\n\t\t\t\t<\/div>\n\t\t","protected":false},"excerpt":{"rendered":"<p>Noticias del Centro Ib\u00f3n<\/p>\n","protected":false},"author":1,"featured_media":0,"parent":0,"menu_order":0,"comment_status":"closed","ping_status":"closed","template":"","meta":{"_monsterinsights_skip_tracking":false,"_monsterinsights_sitenote_active":false,"_monsterinsights_sitenote_note":"","_monsterinsights_sitenote_category":0,"footnotes":""},"class_list":["post-2111","page","type-page","status-publish","hentry"],"aioseo_notices":[],"_links":{"self":[{"href":"https:\/\/centroibon.es\/index.php\/wp-json\/wp\/v2\/pages\/2111","targetHints":{"allow":["GET"]}}],"collection":[{"href":"https:\/\/centroibon.es\/index.php\/wp-json\/wp\/v2\/pages"}],"about":[{"href":"https:\/\/centroibon.es\/index.php\/wp-json\/wp\/v2\/types\/page"}],"author":[{"embeddable":true,"href":"https:\/\/centroibon.es\/index.php\/wp-json\/wp\/v2\/users\/1"}],"replies":[{"embeddable":true,"href":"https:\/\/centroibon.es\/index.php\/wp-json\/wp\/v2\/comments?post=2111"}],"version-history":[{"count":14,"href":"https:\/\/centroibon.es\/index.php\/wp-json\/wp\/v2\/pages\/2111\/revisions"}],"predecessor-version":[{"id":2352,"href":"https:\/\/centroibon.es\/index.php\/wp-json\/wp\/v2\/pages\/2111\/revisions\/2352"}],"wp:attachment":[{"href":"https:\/\/centroibon.es\/index.php\/wp-json\/wp\/v2\/media?parent=2111"}],"curies":[{"name":"wp","href":"https:\/\/api.w.org\/{rel}","templated":true}]}}