{"id":23,"date":"2015-09-07T13:42:40","date_gmt":"2015-09-07T13:42:40","guid":{"rendered":"http:\/\/localhost\/ibon\/?page_id=23"},"modified":"2025-10-11T10:23:34","modified_gmt":"2025-10-11T08:23:34","slug":"atencion","status":"publish","type":"page","link":"https:\/\/centroibon.es\/index.php\/atencion\/","title":{"rendered":"Atenci\u00f3n"},"content":{"rendered":"\n<p><strong>ATENCI\u00d3N AMBULATORIA<\/strong><\/p>\n\n\n\n<p>En Sabi\u00f1anigo, Huesca y Zaragoza.<br>La respuesta\u00a0ofertada desde el Centro Ib\u00f3n en la atenci\u00f3n de las personas con adicciones se centra en las diferentes actuaciones:<br>Modelo de Atenci\u00f3n Integral <strong>BioPsicoSocial<\/strong>, centrado en la persona y en su desarrollo (<a href=\"http:\/\/centroibon.es\/wp-content\/uploads\/2016\/05\/Enero-2016-TRATAMIENTO-ADICCIONES-UNAD.pdf\" target=\"_blank\" rel=\"noopener\" title=\"\">ver PDF<\/a>).<\/p>\n\n\n\n<p>Atenci\u00f3n individualizada:<\/p>\n\n\n\n<ul class=\"wp-block-list\">\n<li>Psicoterapia basada en el \u00abPrograma <strong>Cognitivo-Conductual<\/strong>\u00ab.<\/li>\n\n\n\n<li><strong>Terapia de grupo<\/strong>.<\/li>\n\n\n\n<li>Anal\u00edtica de orina.<\/li>\n\n\n\n<li>Dejar de fumar (<a href=\"http:\/\/centroibon.es\/wp-content\/uploads\/2016\/06\/recursos-para-dejar-de-fumar.pdf\" target=\"_blank\" rel=\"noopener\" title=\"\">ver PDF<\/a>).<\/li>\n<\/ul>\n\n\n\n<p>Asesoramiento a las familias.<br>Orientado al desarrollo de:<\/p>\n\n\n\n<ul class=\"wp-block-list\">\n<li>Inteligencia emocional y social<\/li>\n\n\n\n<li>Habilidades para la vida<\/li>\n\n\n\n<li>Toma de decisiones reflexiva<\/li>\n\n\n\n<li>Control de impulsos<\/li>\n\n\n\n<li>Entrenamiento para el control de la ira y\/o violencia<\/li>\n\n\n\n<li>Crecimiento personal.<\/li>\n\n\n\n<li>Habilidades sociales.<\/li>\n\n\n\n<li>Empat\u00eda.<\/li>\n\n\n\n<li>Comunicaci\u00f3n asertiva.<\/li>\n\n\n\n<li>Resoluci\u00f3n de problemas.<\/li>\n\n\n\n<li>Actividades de la vida diaria.<\/li>\n<\/ul>\n","protected":false},"excerpt":{"rendered":"<p>ATENCI\u00d3N AMBULATORIA En Sabi\u00f1anigo, Huesca y Zaragoza.La respuesta\u00a0ofertada desde el Centro Ib\u00f3n en la atenci\u00f3n de las personas con adicciones se centra en las diferentes actuaciones:Modelo de Atenci\u00f3n Integral BioPsicoSocial, centrado en<a class=\"moretag\" href=\"https:\/\/centroibon.es\/index.php\/atencion\/\">Leer m\u00e1s&#8230;<\/a><\/p>\n","protected":false},"author":1,"featured_media":1411,"parent":0,"menu_order":0,"comment_status":"closed","ping_status":"closed","template":"","meta":{"_monsterinsights_skip_tracking":false,"_monsterinsights_sitenote_active":false,"_monsterinsights_sitenote_note":"","_monsterinsights_sitenote_category":0,"footnotes":""},"class_list":["post-23","page","type-page","status-publish","has-post-thumbnail","hentry"],"aioseo_notices":[],"_links":{"self":[{"href":"https:\/\/centroibon.es\/index.php\/wp-json\/wp\/v2\/pages\/23","targetHints":{"allow":["GET"]}}],"collection":[{"href":"https:\/\/centroibon.es\/index.php\/wp-json\/wp\/v2\/pages"}],"about":[{"href":"https:\/\/centroibon.es\/index.php\/wp-json\/wp\/v2\/types\/page"}],"author":[{"embeddable":true,"href":"https:\/\/centroibon.es\/index.php\/wp-json\/wp\/v2\/users\/1"}],"replies":[{"embeddable":true,"href":"https:\/\/centroibon.es\/index.php\/wp-json\/wp\/v2\/comments?post=23"}],"version-history":[{"count":28,"href":"https:\/\/centroibon.es\/index.php\/wp-json\/wp\/v2\/pages\/23\/revisions"}],"predecessor-version":[{"id":2314,"href":"https:\/\/centroibon.es\/index.php\/wp-json\/wp\/v2\/pages\/23\/revisions\/2314"}],"wp:featuredmedia":[{"embeddable":true,"href":"https:\/\/centroibon.es\/index.php\/wp-json\/wp\/v2\/media\/1411"}],"wp:attachment":[{"href":"https:\/\/centroibon.es\/index.php\/wp-json\/wp\/v2\/media?parent=23"}],"curies":[{"name":"wp","href":"https:\/\/api.w.org\/{rel}","templated":true}]}}