{"id":27,"date":"2015-09-07T13:43:02","date_gmt":"2015-09-07T13:43:02","guid":{"rendered":"http:\/\/localhost\/ibon\/?page_id=27"},"modified":"2024-10-04T07:37:40","modified_gmt":"2024-10-04T07:37:40","slug":"formacion","status":"publish","type":"page","link":"https:\/\/centroibon.es\/index.php\/formacion\/","title":{"rendered":"Formaci\u00f3n"},"content":{"rendered":"\n<ol class=\"wp-block-list\">\n<li><strong>Participaci\u00f3n en Transferencia de Conocimientos desde el a\u00f1o 2000:<\/strong>\n<ul class=\"wp-block-list\">\n<li>Congresos Nacionales e Internacionales.<\/li>\n\n\n\n<li>Jornadas.<\/li>\n\n\n\n<li>Seminarios.<\/li>\n\n\n\n<li>Cursos de Formaci\u00f3n.<\/li>\n<\/ul>\n<\/li>\n\n\n\n<li><strong>Colaboramos en la Formaci\u00f3n de Agentes de Salud para la Prevenci\u00f3n del VIH &#8211; SIDA e ITS, desde el 2010<\/strong> en el Centro Penitenciario de Zuera (Zaragoza). <\/li>\n\n\n\n<li><strong>Colaboraci\u00f3n con la UNED de Calatayud y Barbastro en la tutorizaci\u00f3n de alumnado en pr\u00e1cticas del Grado de Psicolog\u00eda.<\/strong><\/li>\n\n\n\n<li><strong>Universidad de Zaragoza:<\/strong> Formaci\u00f3n del Alumnado Universitario del Grado de Maestro de la Facultad de Ciencias Humanas y de la Educaci\u00f3n en el Programa de Aprendizaje &#8211; Servicio, desde el curso 2013-2014. <\/li>\n\n\n\n<li><strong>Formaci\u00f3n de voluntariado. <\/strong><\/li>\n\n\n\n<li>Ense\u00f1anza del idioma espa\u00f1ol a inmigrantes. Apoyo escolar alumnado de primaria. AMPAS. Profesionales. Penados<\/li>\n<\/ol>\n","protected":false},"excerpt":{"rendered":"","protected":false},"author":1,"featured_media":1414,"parent":0,"menu_order":0,"comment_status":"closed","ping_status":"closed","template":"","meta":{"_monsterinsights_skip_tracking":false,"_monsterinsights_sitenote_active":false,"_monsterinsights_sitenote_note":"","_monsterinsights_sitenote_category":0,"footnotes":""},"class_list":["post-27","page","type-page","status-publish","has-post-thumbnail","hentry"],"aioseo_notices":[],"_links":{"self":[{"href":"https:\/\/centroibon.es\/index.php\/wp-json\/wp\/v2\/pages\/27","targetHints":{"allow":["GET"]}}],"collection":[{"href":"https:\/\/centroibon.es\/index.php\/wp-json\/wp\/v2\/pages"}],"about":[{"href":"https:\/\/centroibon.es\/index.php\/wp-json\/wp\/v2\/types\/page"}],"author":[{"embeddable":true,"href":"https:\/\/centroibon.es\/index.php\/wp-json\/wp\/v2\/users\/1"}],"replies":[{"embeddable":true,"href":"https:\/\/centroibon.es\/index.php\/wp-json\/wp\/v2\/comments?post=27"}],"version-history":[{"count":51,"href":"https:\/\/centroibon.es\/index.php\/wp-json\/wp\/v2\/pages\/27\/revisions"}],"predecessor-version":[{"id":2034,"href":"https:\/\/centroibon.es\/index.php\/wp-json\/wp\/v2\/pages\/27\/revisions\/2034"}],"wp:featuredmedia":[{"embeddable":true,"href":"https:\/\/centroibon.es\/index.php\/wp-json\/wp\/v2\/media\/1414"}],"wp:attachment":[{"href":"https:\/\/centroibon.es\/index.php\/wp-json\/wp\/v2\/media?parent=27"}],"curies":[{"name":"wp","href":"https:\/\/api.w.org\/{rel}","templated":true}]}}