{"id":29,"date":"2015-09-07T13:43:16","date_gmt":"2015-09-07T13:43:16","guid":{"rendered":"http:\/\/localhost\/ibon\/?page_id=29"},"modified":"2023-03-20T09:21:56","modified_gmt":"2023-03-20T09:21:56","slug":"insercion-social","status":"publish","type":"page","link":"https:\/\/centroibon.es\/index.php\/insercion-social\/","title":{"rendered":"Inserci\u00f3n social"},"content":{"rendered":"\n<p>Programas y talleres realizados en colaboraci\u00f3n con la Secretar\u00eda General de Instituciones Penitenciarias para el cumplimiento de penas a trav\u00e9s de los Servicios de Gesti\u00f3n de Penas y Medidas Alternativas en Zaragoza, Huesca y de numerosas localidades del territorio espa\u00f1ol.<\/p>\n\n\n\n<p>Nuestro compromiso consiste en facilitar la implicaci\u00f3n de los penados en el programa que van a desarrollar para que aprendan diversas estrategias que les permitan afrontar las situaciones conflictivas de su vida sin que tengan que recurrir a comportamientos que la ley y la sociedad consideran antisociales o inadecuados.<\/p>\n\n\n\n<p>Lo que hagan en el contexto del programa es confidencial y el respeto es esencial con toda la informaci\u00f3n que nos proporcionen a lo largo de la aplicaci\u00f3n del mismo. Si deciden trabajar e implicarse de forma responsable podr\u00e1n aprender cosas importantes para su vida futura.<\/p>\n\n\n\n<p>Nuestro trabajo consiste en ayudarles a que puedan manejar adecuadamente los problemas que les est\u00e9n causando malestar o que puedan llevarlos de nuevo a tener problemas con la ley.<\/p>\n\n\n\n<hr class=\"wp-block-separator has-alpha-channel-opacity\"\/>\n\n\n\n<h2 class=\"wp-block-heading\">PROGRAMAS:<\/h2>\n\n\n\n<p>Haz clic sobre las im\u00e1genes de los programas para visualizar el PDF con la descripci\u00f3n del mismo:<\/p>\n\n\n\n<figure class=\"wp-block-gallery has-nested-images columns-default is-cropped has-white-background-color has-background wp-block-gallery-1 is-layout-flex wp-block-gallery-is-layout-flex\">\n<figure class=\"wp-block-image size-large\"><a href=\"https:\/\/centroibon.es\/wp-content\/uploads\/2023\/03\/PRIA-MA.pdf\" target=\"_blank\" rel=\"noreferrer noopener\"><img fetchpriority=\"high\" decoding=\"async\" width=\"1024\" height=\"576\" data-id=\"1767\" src=\"https:\/\/centroibon.es\/wp-content\/uploads\/2023\/03\/Slide25-1-1024x576.jpg\" alt=\"\" class=\"wp-image-1767\" srcset=\"https:\/\/centroibon.es\/wp-content\/uploads\/2023\/03\/Slide25-1-1024x576.jpg 1024w, https:\/\/centroibon.es\/wp-content\/uploads\/2023\/03\/Slide25-1-300x169.jpg 300w, https:\/\/centroibon.es\/wp-content\/uploads\/2023\/03\/Slide25-1-768x432.jpg 768w, https:\/\/centroibon.es\/wp-content\/uploads\/2023\/03\/Slide25-1-1536x864.jpg 1536w, https:\/\/centroibon.es\/wp-content\/uploads\/2023\/03\/Slide25-1-2048x1152.jpg 2048w\" sizes=\"(max-width: 1024px) 100vw, 1024px\" \/><\/a><\/figure>\n\n\n\n<figure class=\"wp-block-image size-large\"><a href=\"https:\/\/centroibon.es\/wp-content\/uploads\/2023\/03\/PROBECO.pdf\" target=\"_blank\" rel=\"noreferrer noopener\"><img decoding=\"async\" width=\"1024\" height=\"576\" data-id=\"1768\" src=\"https:\/\/centroibon.es\/wp-content\/uploads\/2023\/03\/Slide26-1-1024x576.jpg\" alt=\"\" class=\"wp-image-1768\" srcset=\"https:\/\/centroibon.es\/wp-content\/uploads\/2023\/03\/Slide26-1-1024x576.jpg 1024w, https:\/\/centroibon.es\/wp-content\/uploads\/2023\/03\/Slide26-1-300x169.jpg 300w, https:\/\/centroibon.es\/wp-content\/uploads\/2023\/03\/Slide26-1-768x432.jpg 768w, https:\/\/centroibon.es\/wp-content\/uploads\/2023\/03\/Slide26-1-1536x864.jpg 1536w, https:\/\/centroibon.es\/wp-content\/uploads\/2023\/03\/Slide26-1-2048x1152.jpg 2048w\" sizes=\"(max-width: 1024px) 100vw, 1024px\" \/><\/a><\/figure>\n\n\n\n<figure class=\"wp-block-image size-large\"><a href=\"https:\/\/centroibon.es\/wp-content\/uploads\/2023\/03\/CUENTA-CONTIGO.pdf\" target=\"_blank\" rel=\"noreferrer noopener\"><img decoding=\"async\" width=\"1024\" height=\"576\" data-id=\"1769\" src=\"https:\/\/centroibon.es\/wp-content\/uploads\/2023\/03\/Slide27-1-1024x576.jpg\" alt=\"\" class=\"wp-image-1769\" srcset=\"https:\/\/centroibon.es\/wp-content\/uploads\/2023\/03\/Slide27-1-1024x576.jpg 1024w, https:\/\/centroibon.es\/wp-content\/uploads\/2023\/03\/Slide27-1-300x169.jpg 300w, https:\/\/centroibon.es\/wp-content\/uploads\/2023\/03\/Slide27-1-768x432.jpg 768w, https:\/\/centroibon.es\/wp-content\/uploads\/2023\/03\/Slide27-1-1536x864.jpg 1536w, https:\/\/centroibon.es\/wp-content\/uploads\/2023\/03\/Slide27-1-2048x1152.jpg 2048w\" sizes=\"(max-width: 1024px) 100vw, 1024px\" \/><\/a><\/figure>\n\n\n\n<figure class=\"wp-block-image size-large\"><a href=\"https:\/\/centroibon.es\/wp-content\/uploads\/2023\/03\/PROSEVAL.pdf\" target=\"_blank\" rel=\"noreferrer noopener\"><img loading=\"lazy\" decoding=\"async\" width=\"1024\" height=\"576\" data-id=\"1770\" src=\"https:\/\/centroibon.es\/wp-content\/uploads\/2023\/03\/Slide28-1-1024x576.jpg\" alt=\"\" class=\"wp-image-1770\" srcset=\"https:\/\/centroibon.es\/wp-content\/uploads\/2023\/03\/Slide28-1-1024x576.jpg 1024w, https:\/\/centroibon.es\/wp-content\/uploads\/2023\/03\/Slide28-1-300x169.jpg 300w, https:\/\/centroibon.es\/wp-content\/uploads\/2023\/03\/Slide28-1-768x432.jpg 768w, https:\/\/centroibon.es\/wp-content\/uploads\/2023\/03\/Slide28-1-1536x864.jpg 1536w, https:\/\/centroibon.es\/wp-content\/uploads\/2023\/03\/Slide28-1-2048x1152.jpg 2048w\" sizes=\"(max-width: 1024px) 100vw, 1024px\" \/><\/a><\/figure>\n\n\n\n<figure class=\"wp-block-image size-large\"><a href=\"https:\/\/centroibon.es\/wp-content\/uploads\/2023\/03\/PCAS.pdf\" target=\"_blank\" rel=\"noreferrer noopener\"><img loading=\"lazy\" decoding=\"async\" width=\"1024\" height=\"576\" data-id=\"1771\" src=\"https:\/\/centroibon.es\/wp-content\/uploads\/2023\/03\/Slide29-1-1024x576.jpg\" alt=\"\" class=\"wp-image-1771\" srcset=\"https:\/\/centroibon.es\/wp-content\/uploads\/2023\/03\/Slide29-1-1024x576.jpg 1024w, https:\/\/centroibon.es\/wp-content\/uploads\/2023\/03\/Slide29-1-300x169.jpg 300w, https:\/\/centroibon.es\/wp-content\/uploads\/2023\/03\/Slide29-1-768x432.jpg 768w, https:\/\/centroibon.es\/wp-content\/uploads\/2023\/03\/Slide29-1-1536x864.jpg 1536w, https:\/\/centroibon.es\/wp-content\/uploads\/2023\/03\/Slide29-1-2048x1152.jpg 2048w\" sizes=\"(max-width: 1024px) 100vw, 1024px\" \/><\/a><\/figure>\n\n\n\n<figure class=\"wp-block-image size-large\"><a href=\"https:\/\/centroibon.es\/wp-content\/uploads\/2023\/03\/FUERA-DE-LA-RED.pdf\" target=\"_blank\" rel=\"noreferrer noopener\"><img loading=\"lazy\" decoding=\"async\" width=\"1024\" height=\"576\" data-id=\"1773\" src=\"https:\/\/centroibon.es\/wp-content\/uploads\/2023\/03\/Slide30-2-1024x576.jpg\" alt=\"\" class=\"wp-image-1773\" srcset=\"https:\/\/centroibon.es\/wp-content\/uploads\/2023\/03\/Slide30-2-1024x576.jpg 1024w, https:\/\/centroibon.es\/wp-content\/uploads\/2023\/03\/Slide30-2-300x169.jpg 300w, https:\/\/centroibon.es\/wp-content\/uploads\/2023\/03\/Slide30-2-768x432.jpg 768w, https:\/\/centroibon.es\/wp-content\/uploads\/2023\/03\/Slide30-2-1536x864.jpg 1536w, https:\/\/centroibon.es\/wp-content\/uploads\/2023\/03\/Slide30-2-2048x1152.jpg 2048w\" sizes=\"(max-width: 1024px) 100vw, 1024px\" \/><\/a><\/figure>\n<\/figure>\n\n\n\n<hr class=\"wp-block-separator has-alpha-channel-opacity\"\/>\n\n\n\n<h2 class=\"wp-block-heading\">TALLERES:<\/h2>\n\n\n\n<p>Haz clic sobre las im\u00e1genes de los programas para visualizar el PDF con la descripci\u00f3n del mismo:<\/p>\n\n\n\n<figure class=\"wp-block-gallery has-nested-images columns-default is-cropped wp-block-gallery-2 is-layout-flex wp-block-gallery-is-layout-flex\">\n<figure class=\"wp-block-image size-large\"><a href=\"https:\/\/centroibon.es\/wp-content\/uploads\/2023\/03\/TASEVAL.pdf\" target=\"_blank\" rel=\"noreferrer noopener\"><img loading=\"lazy\" decoding=\"async\" width=\"1024\" height=\"576\" data-id=\"1765\" src=\"https:\/\/centroibon.es\/wp-content\/uploads\/2023\/03\/Slide31-1024x576.jpg\" alt=\"\" class=\"wp-image-1765\" srcset=\"https:\/\/centroibon.es\/wp-content\/uploads\/2023\/03\/Slide31-1024x576.jpg 1024w, https:\/\/centroibon.es\/wp-content\/uploads\/2023\/03\/Slide31-300x169.jpg 300w, https:\/\/centroibon.es\/wp-content\/uploads\/2023\/03\/Slide31-768x432.jpg 768w, https:\/\/centroibon.es\/wp-content\/uploads\/2023\/03\/Slide31-1536x864.jpg 1536w, https:\/\/centroibon.es\/wp-content\/uploads\/2023\/03\/Slide31-2048x1152.jpg 2048w\" sizes=\"(max-width: 1024px) 100vw, 1024px\" \/><\/a><\/figure>\n\n\n\n<figure class=\"wp-block-image size-large\"><a href=\"https:\/\/centroibon.es\/wp-content\/uploads\/2023\/03\/CONVIVIR.pdf\" target=\"_blank\" rel=\"noreferrer noopener\"><img loading=\"lazy\" decoding=\"async\" width=\"1024\" height=\"576\" data-id=\"1764\" src=\"https:\/\/centroibon.es\/wp-content\/uploads\/2023\/03\/Slide32-1024x576.jpg\" alt=\"\" class=\"wp-image-1764\" srcset=\"https:\/\/centroibon.es\/wp-content\/uploads\/2023\/03\/Slide32-1024x576.jpg 1024w, https:\/\/centroibon.es\/wp-content\/uploads\/2023\/03\/Slide32-300x169.jpg 300w, https:\/\/centroibon.es\/wp-content\/uploads\/2023\/03\/Slide32-768x432.jpg 768w, https:\/\/centroibon.es\/wp-content\/uploads\/2023\/03\/Slide32-1536x864.jpg 1536w, https:\/\/centroibon.es\/wp-content\/uploads\/2023\/03\/Slide32-2048x1152.jpg 2048w\" sizes=\"(max-width: 1024px) 100vw, 1024px\" \/><\/a><\/figure>\n\n\n\n<figure class=\"wp-block-image size-large\"><a href=\"https:\/\/centroibon.es\/wp-content\/uploads\/2023\/03\/REGENERAR.pdf\" target=\"_blank\" rel=\"noreferrer noopener\"><img loading=\"lazy\" decoding=\"async\" width=\"1024\" height=\"576\" data-id=\"1763\" src=\"https:\/\/centroibon.es\/wp-content\/uploads\/2023\/03\/Slide33-1024x576.jpg\" alt=\"\" class=\"wp-image-1763\" srcset=\"https:\/\/centroibon.es\/wp-content\/uploads\/2023\/03\/Slide33-1024x576.jpg 1024w, https:\/\/centroibon.es\/wp-content\/uploads\/2023\/03\/Slide33-300x169.jpg 300w, https:\/\/centroibon.es\/wp-content\/uploads\/2023\/03\/Slide33-768x432.jpg 768w, https:\/\/centroibon.es\/wp-content\/uploads\/2023\/03\/Slide33-1536x864.jpg 1536w, https:\/\/centroibon.es\/wp-content\/uploads\/2023\/03\/Slide33-2048x1152.jpg 2048w\" sizes=\"(max-width: 1024px) 100vw, 1024px\" \/><\/a><\/figure>\n\n\n\n<figure class=\"wp-block-image size-large\"><a href=\"https:\/\/centroibon.es\/?page_id=29\"><img loading=\"lazy\" decoding=\"async\" width=\"1024\" height=\"576\" data-id=\"1780\" src=\"https:\/\/centroibon.es\/wp-content\/uploads\/2023\/03\/PRESENTACION-imagenes-de-cabecera-1024x576.jpg\" alt=\"\" class=\"wp-image-1780\" srcset=\"https:\/\/centroibon.es\/wp-content\/uploads\/2023\/03\/PRESENTACION-imagenes-de-cabecera-1024x576.jpg 1024w, https:\/\/centroibon.es\/wp-content\/uploads\/2023\/03\/PRESENTACION-imagenes-de-cabecera-300x169.jpg 300w, https:\/\/centroibon.es\/wp-content\/uploads\/2023\/03\/PRESENTACION-imagenes-de-cabecera-768x432.jpg 768w, https:\/\/centroibon.es\/wp-content\/uploads\/2023\/03\/PRESENTACION-imagenes-de-cabecera-1536x864.jpg 1536w, https:\/\/centroibon.es\/wp-content\/uploads\/2023\/03\/PRESENTACION-imagenes-de-cabecera-2048x1152.jpg 2048w\" sizes=\"(max-width: 1024px) 100vw, 1024px\" \/><\/a><\/figure>\n<\/figure>\n","protected":false},"excerpt":{"rendered":"<p>Programas y talleres realizados en colaboraci\u00f3n con la Secretar\u00eda General de Instituciones Penitenciarias para el cumplimiento de penas a trav\u00e9s de los Servicios de Gesti\u00f3n de Penas y Medidas Alternativas en Zaragoza,<a class=\"moretag\" href=\"https:\/\/centroibon.es\/index.php\/insercion-social\/\">Leer m\u00e1s&#8230;<\/a><\/p>\n","protected":false},"author":1,"featured_media":1478,"parent":0,"menu_order":0,"comment_status":"closed","ping_status":"closed","template":"","meta":{"_monsterinsights_skip_tracking":false,"_monsterinsights_sitenote_active":false,"_monsterinsights_sitenote_note":"","_monsterinsights_sitenote_category":0,"footnotes":""},"class_list":["post-29","page","type-page","status-publish","has-post-thumbnail","hentry"],"aioseo_notices":[],"_links":{"self":[{"href":"https:\/\/centroibon.es\/index.php\/wp-json\/wp\/v2\/pages\/29","targetHints":{"allow":["GET"]}}],"collection":[{"href":"https:\/\/centroibon.es\/index.php\/wp-json\/wp\/v2\/pages"}],"about":[{"href":"https:\/\/centroibon.es\/index.php\/wp-json\/wp\/v2\/types\/page"}],"author":[{"embeddable":true,"href":"https:\/\/centroibon.es\/index.php\/wp-json\/wp\/v2\/users\/1"}],"replies":[{"embeddable":true,"href":"https:\/\/centroibon.es\/index.php\/wp-json\/wp\/v2\/comments?post=29"}],"version-history":[{"count":37,"href":"https:\/\/centroibon.es\/index.php\/wp-json\/wp\/v2\/pages\/29\/revisions"}],"predecessor-version":[{"id":1808,"href":"https:\/\/centroibon.es\/index.php\/wp-json\/wp\/v2\/pages\/29\/revisions\/1808"}],"wp:featuredmedia":[{"embeddable":true,"href":"https:\/\/centroibon.es\/index.php\/wp-json\/wp\/v2\/media\/1478"}],"wp:attachment":[{"href":"https:\/\/centroibon.es\/index.php\/wp-json\/wp\/v2\/media?parent=29"}],"curies":[{"name":"wp","href":"https:\/\/api.w.org\/{rel}","templated":true}]}}