{"id":31,"date":"2015-09-07T13:43:33","date_gmt":"2015-09-07T13:43:33","guid":{"rendered":"http:\/\/localhost\/ibon\/?page_id=31"},"modified":"2024-10-04T07:40:51","modified_gmt":"2024-10-04T07:40:51","slug":"investigacion","status":"publish","type":"page","link":"https:\/\/centroibon.es\/index.php\/investigacion\/","title":{"rendered":"Investigaci\u00f3n"},"content":{"rendered":"\n<p>Desde el nacimiento de la Asociaci\u00f3n el equipo t\u00e9cnico est\u00e1 formado por Doctores de las disciplinas de Sociolog\u00eda y Psicolog\u00eda Social, los cuales han participado en diferentes investigaciones relacionadas con las adicciones y otras problem\u00e1ticas que influyen o se derivan de ellas.<\/p>\n\n\n\n<p>Los resultados y conclusiones de estas investigaciones se han presentado en congresos nacionales e internacionales, jornadas, encuentros, universidad de verano y como consecuencia han producido tesis doctorales, libros y art\u00edculos publicados en revistas nacionales e internacionales.<\/p>\n\n\n\n<p>Se ha investigado sobre adicciones con alumnado de la Universidad de Zaragoza a trav\u00e9s de trabajo fin de grado y trabajo fin de m\u00e1ster y tutorizado pr\u00e1cticas con alumnado de la Universidad de Educaci\u00f3n a Distancia (UNED), UNIZAR, Universidad Internacional de Valencia (VIU).<\/p>\n\n\n\n<p>La transferencia de conocimientos tambi\u00e9n se ha realizado mediante la presentaci\u00f3n de posters en jornadas sobre experiencias educativas de Aprendizaje \u2013 Servicio, participando en ella los t\u00e9cnicos y los colaboradores de la entidad. &nbsp;<\/p>\n\n\n\n<p>Hemos formado parte de la RAPPS (Red Aragonesa de Proyectos de Promoci\u00f3n de la Salud) del Gobierno de Arag\u00f3n con dos proyectos:<\/p>\n\n\n\n<ul class=\"wp-block-list\">\n<li>Proyecto comunitario de prevenci\u00f3n \u201cCada D\u00eda M\u00e1s Cerca\u201d desde 1998 a 2003.<\/li>\n\n\n\n<li>En la actualidad desde 2013 con el proyecto \u201cDespierta Alto Gallego\u201d junto con otras entidades p\u00fablicas y privadas.<\/li>\n<\/ul>\n\n\n\n<p>Un buen n\u00famero de trabajos han sido publicados en diferentes revistas especializadas de car\u00e1cter cient\u00edfico, entre ellas una tesis doctoral.<\/p>\n","protected":false},"excerpt":{"rendered":"<p>Desde el nacimiento de la Asociaci\u00f3n el equipo t\u00e9cnico est\u00e1 formado por Doctores de las disciplinas de Sociolog\u00eda y Psicolog\u00eda Social, los cuales han participado en diferentes investigaciones relacionadas con las adicciones<a class=\"moretag\" href=\"https:\/\/centroibon.es\/index.php\/investigacion\/\">Leer m\u00e1s&#8230;<\/a><\/p>\n","protected":false},"author":1,"featured_media":1418,"parent":0,"menu_order":0,"comment_status":"closed","ping_status":"closed","template":"","meta":{"_monsterinsights_skip_tracking":false,"_monsterinsights_sitenote_active":false,"_monsterinsights_sitenote_note":"","_monsterinsights_sitenote_category":0,"footnotes":""},"class_list":["post-31","page","type-page","status-publish","has-post-thumbnail","hentry"],"aioseo_notices":[],"_links":{"self":[{"href":"https:\/\/centroibon.es\/index.php\/wp-json\/wp\/v2\/pages\/31","targetHints":{"allow":["GET"]}}],"collection":[{"href":"https:\/\/centroibon.es\/index.php\/wp-json\/wp\/v2\/pages"}],"about":[{"href":"https:\/\/centroibon.es\/index.php\/wp-json\/wp\/v2\/types\/page"}],"author":[{"embeddable":true,"href":"https:\/\/centroibon.es\/index.php\/wp-json\/wp\/v2\/users\/1"}],"replies":[{"embeddable":true,"href":"https:\/\/centroibon.es\/index.php\/wp-json\/wp\/v2\/comments?post=31"}],"version-history":[{"count":15,"href":"https:\/\/centroibon.es\/index.php\/wp-json\/wp\/v2\/pages\/31\/revisions"}],"predecessor-version":[{"id":2035,"href":"https:\/\/centroibon.es\/index.php\/wp-json\/wp\/v2\/pages\/31\/revisions\/2035"}],"wp:featuredmedia":[{"embeddable":true,"href":"https:\/\/centroibon.es\/index.php\/wp-json\/wp\/v2\/media\/1418"}],"wp:attachment":[{"href":"https:\/\/centroibon.es\/index.php\/wp-json\/wp\/v2\/media?parent=31"}],"curies":[{"name":"wp","href":"https:\/\/api.w.org\/{rel}","templated":true}]}}