{"id":518,"date":"2016-05-30T11:40:44","date_gmt":"2016-05-30T11:40:44","guid":{"rendered":"http:\/\/centroibon.es\/?page_id=518"},"modified":"2025-10-15T19:51:27","modified_gmt":"2025-10-15T17:51:27","slug":"calidad","status":"publish","type":"page","link":"https:\/\/centroibon.es\/index.php\/calidad\/","title":{"rendered":"Calidad"},"content":{"rendered":"\t\t<div data-elementor-type=\"wp-page\" data-elementor-id=\"518\" class=\"elementor elementor-518\" data-elementor-post-type=\"page\">\n\t\t\t\t<div class=\"elementor-element elementor-element-567f96b8 e-flex e-con-boxed e-con e-parent\" data-id=\"567f96b8\" data-element_type=\"container\">\n\t\t\t\t\t<div class=\"e-con-inner\">\n\t\t\t\t<div class=\"elementor-element elementor-element-5001a990 elementor-widget elementor-widget-text-editor\" data-id=\"5001a990\" data-element_type=\"widget\" data-widget_type=\"text-editor.default\">\n\t\t\t\t<div class=\"elementor-widget-container\">\n\t\t\t\t\t\t\t\t\t\n<div>En la Asociaci\u00f3n\u00a0<b>IB\u00d3N<\/b>\u00a0hemos iniciado un proceso de mejora continua orientado a la\u00a0<b>implantaci\u00f3n de un Sistema de Gesti\u00f3n de la Calidad<\/b>, con el objetivo de optimizar nuestra forma de trabajar, fortalecer la organizaci\u00f3n y garantizar una atenci\u00f3n cada vez m\u00e1s eficaz a las personas y entidades con las que colaboramos.<br \/><br \/><\/div>\n<div>Este proceso forma parte del\u00a0<b>Programa Gestiona-T 2025-2026<\/b>, financiado por el\u00a0<b>Plan Nacional sobre Drogas<\/b>\u00a0y desarrollado por la\u00a0<b>Fundaci\u00f3n Grupo Develop<\/b>, y est\u00e1 encaminado a la obtenci\u00f3n del\u00a0<b>Certificado de Reconocimiento a la Gesti\u00f3n y al Compromiso Social<\/b>, acreditado por\u00a0<b>Bureau Veritas<\/b>.<br \/><br \/><\/div>\n<div>A trav\u00e9s de esta certificaci\u00f3n, IB\u00d3N refuerza su compromiso con la\u00a0<b>excelencia, la transparencia y la responsabilidad social<\/b>, adoptando una metodolog\u00eda basada en la gesti\u00f3n por procesos, la participaci\u00f3n de todo el equipo y la evaluaci\u00f3n continua de resultados.<br \/><br \/><\/div>\n<div>Este proceso supone un paso importante en la evoluci\u00f3n de nuestra entidad, ya que refuerza nuestra cultura de\u00a0<b>mejora continua<\/b>, fomenta la participaci\u00f3n de todo el equipo y consolida nuestro compromiso con las personas y comunidades a las que dirigimos nuestra labor.<\/div>\n\t\t\t\t\t\t\t\t<\/div>\n\t\t\t\t<\/div>\n\t\t\t\t\t<\/div>\n\t\t\t\t<\/div>\n\t\t<div class=\"elementor-element elementor-element-b31dd23 elementor-hidden-desktop elementor-hidden-tablet elementor-hidden-mobile e-flex e-con-boxed e-con e-parent\" data-id=\"b31dd23\" data-element_type=\"container\">\n\t\t\t\t\t<div class=\"e-con-inner\">\n\t\t\t\t<div class=\"elementor-element elementor-element-b5a9d48 elementor-widget elementor-widget-text-editor\" data-id=\"b5a9d48\" data-element_type=\"widget\" data-widget_type=\"text-editor.default\">\n\t\t\t\t<div class=\"elementor-widget-container\">\n\t\t\t\t\t\t\t\t\t\n<p><strong>Indicadores de calidad para Ib\u00f3n:<\/strong><\/p>\n\n<ul class=\"wp-block-list\">\n<li>Planificaci\u00f3n de la intervenci\u00f3n.<\/li>\n\n<li>Implementaci\u00f3n de programas y talleres sistematizados.<\/li>\n\n<li>Coordinaci\u00f3n con entidades p\u00fablicas y privadas.<\/li>\n\n<li>Formaci\u00f3n en el desarrollo de claves de calidad para la mejora de la gesti\u00f3n y la transparencia.<\/li>\n\n<li>Participaci\u00f3n en grupos de trabajo interdisciplinares y multidisciplinares.<\/li>\n\n<li>Evaluaci\u00f3n positiva de los usuarios.<\/li>\n\n<li>Evaluaci\u00f3n positiva de los financiadores.<\/li>\n\n<li>Concesi\u00f3n de premios y reconocimientos.<\/li>\n<\/ul>\n<hr class=\"wp-block-separator has-alpha-channel-opacity\" \/>\n<p><strong>Fortalezas de Ib\u00f3n:<\/strong><\/p>\n\n<ul class=\"wp-block-list\">\n<li>25 a\u00f1os de existencia.<\/li>\n\n<li>Equipo t\u00e9cnico humano profesional multidisciplinar.<\/li>\n\n<li>Expansi\u00f3n de Ib\u00f3n en la CCAA de Arag\u00f3n y en otras CCAA.<\/li>\n\n<li>Coordinaci\u00f3n y colaboraci\u00f3n con entidades p\u00fablicas y privadas.<\/li>\n\n<li>Perfil del destinatario de los programas con distintas problem\u00e1ticas.<\/li>\n\n<li>Investigaci\u00f3n continua sobre la realidad social para atender nuevas necesidades.<\/li>\n<\/ul>\n\n<p>\u00a0<\/p>\n\t\t\t\t\t\t\t\t<\/div>\n\t\t\t\t<\/div>\n\t\t\t\t\t<\/div>\n\t\t\t\t<\/div>\n\t\t\t\t<\/div>\n\t\t","protected":false},"excerpt":{"rendered":"<p>En la Asociaci\u00f3n\u00a0IB\u00d3N\u00a0hemos iniciado un proceso de mejora continua orientado a la\u00a0implantaci\u00f3n de un Sistema de Gesti\u00f3n de la Calidad, con el objetivo de optimizar nuestra forma de trabajar, fortalecer la organizaci\u00f3n<a class=\"moretag\" href=\"https:\/\/centroibon.es\/index.php\/calidad\/\">Leer m\u00e1s&#8230;<\/a><\/p>\n","protected":false},"author":1,"featured_media":1412,"parent":0,"menu_order":0,"comment_status":"closed","ping_status":"closed","template":"","meta":{"_monsterinsights_skip_tracking":false,"_monsterinsights_sitenote_active":false,"_monsterinsights_sitenote_note":"","_monsterinsights_sitenote_category":0,"footnotes":""},"class_list":["post-518","page","type-page","status-publish","has-post-thumbnail","hentry"],"aioseo_notices":[],"_links":{"self":[{"href":"https:\/\/centroibon.es\/index.php\/wp-json\/wp\/v2\/pages\/518","targetHints":{"allow":["GET"]}}],"collection":[{"href":"https:\/\/centroibon.es\/index.php\/wp-json\/wp\/v2\/pages"}],"about":[{"href":"https:\/\/centroibon.es\/index.php\/wp-json\/wp\/v2\/types\/page"}],"author":[{"embeddable":true,"href":"https:\/\/centroibon.es\/index.php\/wp-json\/wp\/v2\/users\/1"}],"replies":[{"embeddable":true,"href":"https:\/\/centroibon.es\/index.php\/wp-json\/wp\/v2\/comments?post=518"}],"version-history":[{"count":12,"href":"https:\/\/centroibon.es\/index.php\/wp-json\/wp\/v2\/pages\/518\/revisions"}],"predecessor-version":[{"id":2508,"href":"https:\/\/centroibon.es\/index.php\/wp-json\/wp\/v2\/pages\/518\/revisions\/2508"}],"wp:featuredmedia":[{"embeddable":true,"href":"https:\/\/centroibon.es\/index.php\/wp-json\/wp\/v2\/media\/1412"}],"wp:attachment":[{"href":"https:\/\/centroibon.es\/index.php\/wp-json\/wp\/v2\/media?parent=518"}],"curies":[{"name":"wp","href":"https:\/\/api.w.org\/{rel}","templated":true}]}}